{"id":1377,"date":"2025-01-08T14:57:54","date_gmt":"2025-01-08T17:57:54","guid":{"rendered":"https:\/\/bellocapricho.com.br\/loja\/?post_type=product&#038;p=1377"},"modified":"2026-04-05T11:30:52","modified_gmt":"2026-04-05T14:30:52","slug":"cloro-granulado-10kg-economic","status":"publish","type":"product","link":"https:\/\/bellocapricho.com.br\/loja\/index.php\/produto\/cloro-granulado-10kg-economic\/","title":{"rendered":"CLORO GRANULADO 10KG ECONOMIC"},"content":{"rendered":"<p>Economic\u00ae \u00e9 um produto formulado com Dicloro Isocianurato de S\u00f3dio Dihidratado, que oferece uma excelente rela\u00e7\u00e3o Custo-Benef\u00edcio. Indicado para o tratamento e a desinfec\u00e7\u00e3o da \u00e1gua de piscina residencial de azulejo, pintura, fibra e vinil. Teor de Cloro Ativo: 30% (p\/p)<\/p>\n","protected":false},"excerpt":{"rendered":"<p>Economic\u00ae \u00e9 um produto formulado com Dicloro Isocianurato de S\u00f3dio Dihidratado, que oferece uma excelente rela\u00e7\u00e3o Custo-Benef\u00edcio. Indicado para o tratamento e a desinfec\u00e7\u00e3o da \u00e1gua de piscina residencial de azulejo, pintura, fibra e vinil. Teor de Cloro Ativo: 30% (p\/p)<\/p>\n","protected":false},"featured_media":1378,"template":"","meta":[],"product_brand":[],"product_cat":[86],"product_tag":[],"class_list":{"0":"post-1377","1":"product","2":"type-product","3":"status-publish","4":"has-post-thumbnail","6":"product_cat-produtos-de-piscina","8":"first","9":"instock","10":"shipping-taxable","11":"purchasable","12":"product-type-simple"},"_links":{"self":[{"href":"https:\/\/bellocapricho.com.br\/loja\/index.php\/wp-json\/wp\/v2\/product\/1377","targetHints":{"allow":["GET"]}}],"collection":[{"href":"https:\/\/bellocapricho.com.br\/loja\/index.php\/wp-json\/wp\/v2\/product"}],"about":[{"href":"https:\/\/bellocapricho.com.br\/loja\/index.php\/wp-json\/wp\/v2\/types\/product"}],"wp:featuredmedia":[{"embeddable":true,"href":"https:\/\/bellocapricho.com.br\/loja\/index.php\/wp-json\/wp\/v2\/media\/1378"}],"wp:attachment":[{"href":"https:\/\/bellocapricho.com.br\/loja\/index.php\/wp-json\/wp\/v2\/media?parent=1377"}],"wp:term":[{"taxonomy":"product_brand","embeddable":true,"href":"https:\/\/bellocapricho.com.br\/loja\/index.php\/wp-json\/wp\/v2\/product_brand?post=1377"},{"taxonomy":"product_cat","embeddable":true,"href":"https:\/\/bellocapricho.com.br\/loja\/index.php\/wp-json\/wp\/v2\/product_cat?post=1377"},{"taxonomy":"product_tag","embeddable":true,"href":"https:\/\/bellocapricho.com.br\/loja\/index.php\/wp-json\/wp\/v2\/product_tag?post=1377"}],"curies":[{"name":"wp","href":"https:\/\/api.w.org\/{rel}","templated":true}]}}