{"id":1312,"date":"2024-11-14T15:30:04","date_gmt":"2024-11-14T18:30:04","guid":{"rendered":"https:\/\/bellocapricho.com.br\/loja\/?post_type=product&#038;p=1312"},"modified":"2026-04-04T10:30:10","modified_gmt":"2026-04-04T13:30:10","slug":"essencia-lavanda-via-aroma-10ml","status":"publish","type":"product","link":"https:\/\/bellocapricho.com.br\/loja\/index.php\/produto\/essencia-lavanda-via-aroma-10ml\/","title":{"rendered":"Ess\u00eancia Lavanda Via Aroma &#8211; 10ml"},"content":{"rendered":"<p>Para todos os f\u00e3s de cheirinhos, a Ess\u00eancia Lavanda Via Aroma \u00e9 pr\u00e1tica, f\u00e1cil de usar e deixa o ambiente muito perfumado. Temos muitas op\u00e7\u00f5es de fragr\u00e2ncias para voc\u00ea selecionar as queridinhas do cora\u00e7\u00e3o. E pra dar uma variada, que tal experimentar novos aromas? Nosso cat\u00e1logo \u00e9 enorme, com certeza voc\u00ea vai encontrar a ess\u00eancia perfeita para perfumar o seu espa\u00e7o.<\/p>\n<p>Qual cheiro \u00e9 esse?<br \/>\nLavanda \u00e9 uma linda flor roxa associada \u00e0 calma e limpeza, desde a Roma antiga este aroma \u00e9 utilizado em banhos relaxantes. Famosa por tingir paisagens de lil\u00e1s e por suas propriedades estabilizantes, a lavanda traz ao ambiente harmonia, frescor e tranquilidade.<br \/>\nA Ess\u00eancia Lavanda Via Aroma traz calmaria em meio a tempestade de pensamentos do dia a dia. Tranquilizante e relaxante, esse aroma \u00e9 muito caracter\u00edstico da planta, com algumas notas florais e bals\u00e2micas para encorpar a fragr\u00e2ncia e deixar sua casa ainda mais cheirosa. Ideal para deixar o ambiente agradavelmente perfumado e com sensa\u00e7\u00e3o de limpeza.<\/p>\n","protected":false},"excerpt":{"rendered":"<p>Para todos os f\u00e3s de cheirinhos, a Ess\u00eancia Lavanda Via Aroma \u00e9 pr\u00e1tica, f\u00e1cil de usar e deixa o ambiente muito perfumado. Temos muitas op\u00e7\u00f5es de fragr\u00e2ncias para voc\u00ea selecionar as queridinhas do cora\u00e7\u00e3o. E pra dar uma variada, que tal experimentar novos aromas? Nosso&hellip;<\/p>\n","protected":false},"featured_media":1313,"template":"","meta":[],"product_brand":[],"product_cat":[43,55],"product_tag":[],"class_list":{"0":"post-1312","1":"product","2":"type-product","3":"status-publish","4":"has-post-thumbnail","6":"product_cat-aromatizantes","7":"product_cat-essencias","9":"first","10":"instock","11":"shipping-taxable","12":"purchasable","13":"product-type-simple"},"_links":{"self":[{"href":"https:\/\/bellocapricho.com.br\/loja\/index.php\/wp-json\/wp\/v2\/product\/1312","targetHints":{"allow":["GET"]}}],"collection":[{"href":"https:\/\/bellocapricho.com.br\/loja\/index.php\/wp-json\/wp\/v2\/product"}],"about":[{"href":"https:\/\/bellocapricho.com.br\/loja\/index.php\/wp-json\/wp\/v2\/types\/product"}],"wp:featuredmedia":[{"embeddable":true,"href":"https:\/\/bellocapricho.com.br\/loja\/index.php\/wp-json\/wp\/v2\/media\/1313"}],"wp:attachment":[{"href":"https:\/\/bellocapricho.com.br\/loja\/index.php\/wp-json\/wp\/v2\/media?parent=1312"}],"wp:term":[{"taxonomy":"product_brand","embeddable":true,"href":"https:\/\/bellocapricho.com.br\/loja\/index.php\/wp-json\/wp\/v2\/product_brand?post=1312"},{"taxonomy":"product_cat","embeddable":true,"href":"https:\/\/bellocapricho.com.br\/loja\/index.php\/wp-json\/wp\/v2\/product_cat?post=1312"},{"taxonomy":"product_tag","embeddable":true,"href":"https:\/\/bellocapricho.com.br\/loja\/index.php\/wp-json\/wp\/v2\/product_tag?post=1312"}],"curies":[{"name":"wp","href":"https:\/\/api.w.org\/{rel}","templated":true}]}}