{"id":1310,"date":"2024-11-14T15:26:27","date_gmt":"2024-11-14T18:26:27","guid":{"rendered":"https:\/\/bellocapricho.com.br\/loja\/?post_type=product&#038;p=1310"},"modified":"2026-04-04T15:21:49","modified_gmt":"2026-04-04T18:21:49","slug":"essencia-bamboo-via-aroma-10ml","status":"publish","type":"product","link":"https:\/\/bellocapricho.com.br\/loja\/index.php\/produto\/essencia-bamboo-via-aroma-10ml\/","title":{"rendered":"Ess\u00eancia Bamboo Via Aroma &#8211; 10ml"},"content":{"rendered":"<p>O bambu \u00e9 uma das plantas de crescimento mais r\u00e1pido do mundo. Ela pertence \u00e0 fam\u00edlia das gram\u00edneas, que na bot\u00e2nica recebe o nome de Poaceae. As florestas de bambu podem ser encontradas em muitas partes do Sudeste Asi\u00e1tico, devido \u00e0 sua estrutura funcional e vers\u00e1til.<br \/>\nA extra\u00e7\u00e3o e a utiliza\u00e7\u00e3o da ess\u00eancia bamboo \u00e9 milenar e est\u00e1 se tornando cada vez mais popular, por conta dos seus benef\u00edcios e do seu aroma fresco levemente amadeirado. Um deles \u00e9 o efeito calmante, que pode proporcionar mais tranquilidade \u00e0 mente e ao corpo.<\/p>\n<p>Qual \u00e9 o cheiro da Ess\u00eancia Bamboo Via Aroma?<\/p>\n<p>Apesar da aparente simplicidade, o bambu \u00e9 muito especial. No Jap\u00e3o e na China, \u00e9 considerada uma planta nobre e sagrada. Inclusive, acredita-se que o tronco oco do bambu serve de morada aos deuses.<br \/>\nSeu visual fr\u00e1gil \u00e9 enganoso, uma vez que esta planta \u00e9 uma das \u00e1rvores mais resistentes que existem, dobrando-se \u00e0s for\u00e7as externas da natureza e, ao mesmo tempo, mant\u00e9m-se firme abaixo do solo.<\/p>\n","protected":false},"excerpt":{"rendered":"<p>O bambu \u00e9 uma das plantas de crescimento mais r\u00e1pido do mundo. Ela pertence \u00e0 fam\u00edlia das gram\u00edneas, que na bot\u00e2nica recebe o nome de Poaceae. As florestas de bambu podem ser encontradas em muitas partes do Sudeste Asi\u00e1tico, devido \u00e0 sua estrutura funcional e&hellip;<\/p>\n","protected":false},"featured_media":1311,"template":"","meta":[],"product_brand":[],"product_cat":[43,55],"product_tag":[],"class_list":{"0":"post-1310","1":"product","2":"type-product","3":"status-publish","4":"has-post-thumbnail","6":"product_cat-aromatizantes","7":"product_cat-essencias","9":"first","10":"instock","11":"shipping-taxable","12":"purchasable","13":"product-type-simple"},"_links":{"self":[{"href":"https:\/\/bellocapricho.com.br\/loja\/index.php\/wp-json\/wp\/v2\/product\/1310","targetHints":{"allow":["GET"]}}],"collection":[{"href":"https:\/\/bellocapricho.com.br\/loja\/index.php\/wp-json\/wp\/v2\/product"}],"about":[{"href":"https:\/\/bellocapricho.com.br\/loja\/index.php\/wp-json\/wp\/v2\/types\/product"}],"wp:featuredmedia":[{"embeddable":true,"href":"https:\/\/bellocapricho.com.br\/loja\/index.php\/wp-json\/wp\/v2\/media\/1311"}],"wp:attachment":[{"href":"https:\/\/bellocapricho.com.br\/loja\/index.php\/wp-json\/wp\/v2\/media?parent=1310"}],"wp:term":[{"taxonomy":"product_brand","embeddable":true,"href":"https:\/\/bellocapricho.com.br\/loja\/index.php\/wp-json\/wp\/v2\/product_brand?post=1310"},{"taxonomy":"product_cat","embeddable":true,"href":"https:\/\/bellocapricho.com.br\/loja\/index.php\/wp-json\/wp\/v2\/product_cat?post=1310"},{"taxonomy":"product_tag","embeddable":true,"href":"https:\/\/bellocapricho.com.br\/loja\/index.php\/wp-json\/wp\/v2\/product_tag?post=1310"}],"curies":[{"name":"wp","href":"https:\/\/api.w.org\/{rel}","templated":true}]}}