{"id":1308,"date":"2024-11-14T15:20:46","date_gmt":"2024-11-14T18:20:46","guid":{"rendered":"https:\/\/bellocapricho.com.br\/loja\/?post_type=product&#038;p=1308"},"modified":"2026-04-08T07:57:07","modified_gmt":"2026-04-08T10:57:07","slug":"essencia-flor-de-cerejeira-via-aroma-10ml","status":"publish","type":"product","link":"https:\/\/bellocapricho.com.br\/loja\/index.php\/produto\/essencia-flor-de-cerejeira-via-aroma-10ml\/","title":{"rendered":"Ess\u00eancia Flor de Cerejeira Via Aroma &#8211; 10ml"},"content":{"rendered":"<p>Para todos os f\u00e3s de cheirinhos, a Ess\u00eancia Flor de Cerejeira Via Aroma \u00e9 pr\u00e1tica, f\u00e1cil de usar e deixa o ambiente muito perfumado. Temos muitas op\u00e7\u00f5es de fragr\u00e2ncias para voc\u00ea selecionar as queridinhas do cora\u00e7\u00e3o. E pra dar uma variada, que tal experimentar novos aromas? Nosso cat\u00e1logo \u00e9 enorme, com certeza voc\u00ea vai encontrar a ess\u00eancia perfeita para perfumar o seu espa\u00e7o.<\/p>\n<p>A cerejeira \u00e9 uma \u00e1rvore de origem asi\u00e1tica que produz pequenas flores rosadas, consideradas as mais bonitas da natureza. Nos locais onde s\u00e3o plantadas, a \u00e9poca da flora\u00e7\u00e3o sempre atrai apaixonados e visitantes que se deslocam especialmente para presenciar essa vis\u00e3o maravilhosa. Essa fragr\u00e2ncia traz a beleza e a do\u00e7ura da flora\u00e7\u00e3o das cerejeiras.<\/p>\n<p>A Ess\u00eancia Flor de Cerejeira Via Aroma possui notas florais adocicadas que remetem ao romantismo e a do\u00e7ura, sem perder a atualidade com um toque moderno de sofistica\u00e7\u00e3o feminina. A fragr\u00e2ncia perfeita para usar em ambientes femininos.<\/p>\n","protected":false},"excerpt":{"rendered":"<p>Para todos os f\u00e3s de cheirinhos, a Ess\u00eancia Flor de Cerejeira Via Aroma \u00e9 pr\u00e1tica, f\u00e1cil de usar e deixa o ambiente muito perfumado. Temos muitas op\u00e7\u00f5es de fragr\u00e2ncias para voc\u00ea selecionar as queridinhas do cora\u00e7\u00e3o. E pra dar uma variada, que tal experimentar novos&hellip;<\/p>\n","protected":false},"featured_media":1309,"template":"","meta":[],"product_brand":[],"product_cat":[43,55],"product_tag":[],"class_list":{"0":"post-1308","1":"product","2":"type-product","3":"status-publish","4":"has-post-thumbnail","6":"product_cat-aromatizantes","7":"product_cat-essencias","9":"first","10":"instock","11":"shipping-taxable","12":"purchasable","13":"product-type-simple"},"_links":{"self":[{"href":"https:\/\/bellocapricho.com.br\/loja\/index.php\/wp-json\/wp\/v2\/product\/1308","targetHints":{"allow":["GET"]}}],"collection":[{"href":"https:\/\/bellocapricho.com.br\/loja\/index.php\/wp-json\/wp\/v2\/product"}],"about":[{"href":"https:\/\/bellocapricho.com.br\/loja\/index.php\/wp-json\/wp\/v2\/types\/product"}],"wp:featuredmedia":[{"embeddable":true,"href":"https:\/\/bellocapricho.com.br\/loja\/index.php\/wp-json\/wp\/v2\/media\/1309"}],"wp:attachment":[{"href":"https:\/\/bellocapricho.com.br\/loja\/index.php\/wp-json\/wp\/v2\/media?parent=1308"}],"wp:term":[{"taxonomy":"product_brand","embeddable":true,"href":"https:\/\/bellocapricho.com.br\/loja\/index.php\/wp-json\/wp\/v2\/product_brand?post=1308"},{"taxonomy":"product_cat","embeddable":true,"href":"https:\/\/bellocapricho.com.br\/loja\/index.php\/wp-json\/wp\/v2\/product_cat?post=1308"},{"taxonomy":"product_tag","embeddable":true,"href":"https:\/\/bellocapricho.com.br\/loja\/index.php\/wp-json\/wp\/v2\/product_tag?post=1308"}],"curies":[{"name":"wp","href":"https:\/\/api.w.org\/{rel}","templated":true}]}}