{"id":1306,"date":"2024-11-14T15:13:17","date_gmt":"2024-11-14T18:13:17","guid":{"rendered":"https:\/\/bellocapricho.com.br\/loja\/?post_type=product&#038;p=1306"},"modified":"2026-04-07T07:03:40","modified_gmt":"2026-04-07T10:03:40","slug":"essencia-black-vanilla-via-aroma-10ml","status":"publish","type":"product","link":"https:\/\/bellocapricho.com.br\/loja\/index.php\/produto\/essencia-black-vanilla-via-aroma-10ml\/","title":{"rendered":"Ess\u00eancia Black Vanilla Via Aroma &#8211; 10ml"},"content":{"rendered":"<p>Para todos os f\u00e3s de cheirinhos, a Ess\u00eancia Black Vanilla Via Aroma \u00e9 pr\u00e1tica, f\u00e1cil de usar e deixa o ambiente muito perfumado. A Ess\u00eancia Black Vanilla Via Aroma \u00e9 puro glamour e sofistica\u00e7\u00e3o. Por suas caracter\u00edsticas marcantes, esse aroma \u00e9 composto por notas olfativas que remetem especialmente ao luxo e ao poder. Um toque fresco inicial d\u00e1 lugar a notas florais e adocicadas com um fundo encorpado que traz um charme ao ambiente.<\/p>\n<p>Qual cheiro \u00e9 esse?<br \/>\nLuxo, poder, sofistica\u00e7\u00e3o: essas s\u00e3o as sensa\u00e7\u00f5es despertadas por esse aroma inigual\u00e1vel. O glamour de uma noite estrelada, esse aroma remete ao charme sofisticado que \u00e9 trazido pelas notas envolventes e sensuais que comp\u00f5em essa fragr\u00e2ncia.<\/p>\n","protected":false},"excerpt":{"rendered":"<p>Para todos os f\u00e3s de cheirinhos, a Ess\u00eancia Black Vanilla Via Aroma \u00e9 pr\u00e1tica, f\u00e1cil de usar e deixa o ambiente muito perfumado. A Ess\u00eancia Black Vanilla Via Aroma \u00e9 puro glamour e sofistica\u00e7\u00e3o. Por suas caracter\u00edsticas marcantes, esse aroma \u00e9 composto por notas olfativas&hellip;<\/p>\n","protected":false},"featured_media":1307,"template":"","meta":[],"product_brand":[],"product_cat":[43,55],"product_tag":[],"class_list":{"0":"post-1306","1":"product","2":"type-product","3":"status-publish","4":"has-post-thumbnail","6":"product_cat-aromatizantes","7":"product_cat-essencias","9":"first","10":"instock","11":"shipping-taxable","12":"purchasable","13":"product-type-simple"},"_links":{"self":[{"href":"https:\/\/bellocapricho.com.br\/loja\/index.php\/wp-json\/wp\/v2\/product\/1306","targetHints":{"allow":["GET"]}}],"collection":[{"href":"https:\/\/bellocapricho.com.br\/loja\/index.php\/wp-json\/wp\/v2\/product"}],"about":[{"href":"https:\/\/bellocapricho.com.br\/loja\/index.php\/wp-json\/wp\/v2\/types\/product"}],"wp:featuredmedia":[{"embeddable":true,"href":"https:\/\/bellocapricho.com.br\/loja\/index.php\/wp-json\/wp\/v2\/media\/1307"}],"wp:attachment":[{"href":"https:\/\/bellocapricho.com.br\/loja\/index.php\/wp-json\/wp\/v2\/media?parent=1306"}],"wp:term":[{"taxonomy":"product_brand","embeddable":true,"href":"https:\/\/bellocapricho.com.br\/loja\/index.php\/wp-json\/wp\/v2\/product_brand?post=1306"},{"taxonomy":"product_cat","embeddable":true,"href":"https:\/\/bellocapricho.com.br\/loja\/index.php\/wp-json\/wp\/v2\/product_cat?post=1306"},{"taxonomy":"product_tag","embeddable":true,"href":"https:\/\/bellocapricho.com.br\/loja\/index.php\/wp-json\/wp\/v2\/product_tag?post=1306"}],"curies":[{"name":"wp","href":"https:\/\/api.w.org\/{rel}","templated":true}]}}