{"id":1240,"date":"2024-10-31T16:34:36","date_gmt":"2024-10-31T19:34:36","guid":{"rendered":"https:\/\/bellocapricho.com.br\/loja\/?post_type=product&#038;p=1240"},"modified":"2026-04-04T12:20:12","modified_gmt":"2026-04-04T15:20:12","slug":"rodo-betthavale-40cm-c-cabo","status":"publish","type":"product","link":"https:\/\/bellocapricho.com.br\/loja\/index.php\/produto\/rodo-betthavale-40cm-c-cabo\/","title":{"rendered":"Rodo Betthavale 40cm c\/ Cabo"},"content":{"rendered":"<p>Facilite a limpeza de superf\u00edcies com o Rodo Betthavale de 40cm com Cabo! Este rodo \u00e9 projetado para tornar a tarefa de secagem mais eficaz e pr\u00e1tica em sua casa. O Rodo Betthavale de 40cm possui uma l\u00e2mina de borracha de alta qualidade que \u00e9 ideal para a remo\u00e7\u00e3o eficaz de \u00e1gua, sujeira e res\u00edduos l\u00edquidos de superf\u00edcies, como pisos e janelas. Seu cabo inclu\u00eddo oferece um manuseio confort\u00e1vel e facilita a tarefa de secagem de \u00e1reas maiores. Este rodo \u00e9 uma escolha conveniente para manter suas superf\u00edcies limpas e secas. Simplifique sua rotina de limpeza com o Rodo Betthavale 40cm com Cabo. <\/p>\n<p>Rodos produzidos em polipropileno (PP) e EVA da marca Betthavale, com tamanho 40cm.<\/p>\n","protected":false},"excerpt":{"rendered":"<p>Facilite a limpeza de superf\u00edcies com o Rodo Betthavale de 40cm com Cabo! Este rodo \u00e9 projetado para tornar a tarefa de secagem mais eficaz e pr\u00e1tica em sua casa. O Rodo Betthavale de 40cm possui uma l\u00e2mina de borracha de alta qualidade que \u00e9&hellip;<\/p>\n","protected":false},"featured_media":1275,"template":"","meta":[],"product_brand":[],"product_cat":[47,67,54,77],"product_tag":[],"class_list":{"0":"post-1240","1":"product","2":"type-product","3":"status-publish","4":"has-post-thumbnail","6":"product_cat-equipamentos-de-limpeza","7":"product_cat-limpa-pisos","8":"product_cat-limpeza-diaria","9":"product_cat-rodos","11":"first","12":"outofstock","13":"shipping-taxable","14":"purchasable","15":"product-type-simple"},"_links":{"self":[{"href":"https:\/\/bellocapricho.com.br\/loja\/index.php\/wp-json\/wp\/v2\/product\/1240","targetHints":{"allow":["GET"]}}],"collection":[{"href":"https:\/\/bellocapricho.com.br\/loja\/index.php\/wp-json\/wp\/v2\/product"}],"about":[{"href":"https:\/\/bellocapricho.com.br\/loja\/index.php\/wp-json\/wp\/v2\/types\/product"}],"wp:featuredmedia":[{"embeddable":true,"href":"https:\/\/bellocapricho.com.br\/loja\/index.php\/wp-json\/wp\/v2\/media\/1275"}],"wp:attachment":[{"href":"https:\/\/bellocapricho.com.br\/loja\/index.php\/wp-json\/wp\/v2\/media?parent=1240"}],"wp:term":[{"taxonomy":"product_brand","embeddable":true,"href":"https:\/\/bellocapricho.com.br\/loja\/index.php\/wp-json\/wp\/v2\/product_brand?post=1240"},{"taxonomy":"product_cat","embeddable":true,"href":"https:\/\/bellocapricho.com.br\/loja\/index.php\/wp-json\/wp\/v2\/product_cat?post=1240"},{"taxonomy":"product_tag","embeddable":true,"href":"https:\/\/bellocapricho.com.br\/loja\/index.php\/wp-json\/wp\/v2\/product_tag?post=1240"}],"curies":[{"name":"wp","href":"https:\/\/api.w.org\/{rel}","templated":true}]}}