{"id":1237,"date":"2024-10-31T16:23:54","date_gmt":"2024-10-31T19:23:54","guid":{"rendered":"https:\/\/bellocapricho.com.br\/loja\/?post_type=product&#038;p=1237"},"modified":"2026-04-04T10:45:11","modified_gmt":"2026-04-04T13:45:11","slug":"esfregao-bompack-c-cabo-30cm","status":"publish","type":"product","link":"https:\/\/bellocapricho.com.br\/loja\/index.php\/produto\/esfregao-bompack-c-cabo-30cm\/","title":{"rendered":"Esfreg\u00e3o Bompack c\/ Cabo 30cm"},"content":{"rendered":"<p>O Esfreg\u00e3o com cabo da marca Bompack \u00e9 um aliado para a limpeza de pisos mais r\u00fasticos ou brutos, por conta de suas cerdas que resistem a for\u00e7a dos bra\u00e7os imposta sobre a superf\u00edcie. Podem ser utilizados tamb\u00e9m em finaliza\u00e7\u00f5es de obras para a melhor limpeza do local.<br \/>\nEsfreg\u00e3o produzido em pl\u00e1stico da marca Bompack, com tamanho 30cm.<\/p>\n","protected":false},"excerpt":{"rendered":"<p>O Esfreg\u00e3o com cabo da marca Bompack \u00e9 um aliado para a limpeza de pisos mais r\u00fasticos ou brutos, por conta de suas cerdas que resistem a for\u00e7a dos bra\u00e7os imposta sobre a superf\u00edcie. Podem ser utilizados tamb\u00e9m em finaliza\u00e7\u00f5es de obras para a melhor&hellip;<\/p>\n","protected":false},"featured_media":1267,"template":"","meta":[],"product_brand":[],"product_cat":[47,54,76,19],"product_tag":[],"class_list":{"0":"post-1237","1":"product","2":"type-product","3":"status-publish","4":"has-post-thumbnail","6":"product_cat-equipamentos-de-limpeza","7":"product_cat-limpeza-diaria","8":"product_cat-vassouras","9":"product_cat-limpeza-pesada","11":"first","12":"instock","13":"shipping-taxable","14":"purchasable","15":"product-type-simple"},"_links":{"self":[{"href":"https:\/\/bellocapricho.com.br\/loja\/index.php\/wp-json\/wp\/v2\/product\/1237","targetHints":{"allow":["GET"]}}],"collection":[{"href":"https:\/\/bellocapricho.com.br\/loja\/index.php\/wp-json\/wp\/v2\/product"}],"about":[{"href":"https:\/\/bellocapricho.com.br\/loja\/index.php\/wp-json\/wp\/v2\/types\/product"}],"wp:featuredmedia":[{"embeddable":true,"href":"https:\/\/bellocapricho.com.br\/loja\/index.php\/wp-json\/wp\/v2\/media\/1267"}],"wp:attachment":[{"href":"https:\/\/bellocapricho.com.br\/loja\/index.php\/wp-json\/wp\/v2\/media?parent=1237"}],"wp:term":[{"taxonomy":"product_brand","embeddable":true,"href":"https:\/\/bellocapricho.com.br\/loja\/index.php\/wp-json\/wp\/v2\/product_brand?post=1237"},{"taxonomy":"product_cat","embeddable":true,"href":"https:\/\/bellocapricho.com.br\/loja\/index.php\/wp-json\/wp\/v2\/product_cat?post=1237"},{"taxonomy":"product_tag","embeddable":true,"href":"https:\/\/bellocapricho.com.br\/loja\/index.php\/wp-json\/wp\/v2\/product_tag?post=1237"}],"curies":[{"name":"wp","href":"https:\/\/api.w.org\/{rel}","templated":true}]}}