{"id":1236,"date":"2024-10-31T16:18:39","date_gmt":"2024-10-31T19:18:39","guid":{"rendered":"https:\/\/bellocapricho.com.br\/loja\/?post_type=product&#038;p=1236"},"modified":"2026-04-04T10:30:08","modified_gmt":"2026-04-04T13:30:08","slug":"vassoura-novica-bola","status":"publish","type":"product","link":"https:\/\/bellocapricho.com.br\/loja\/index.php\/produto\/vassoura-novica-bola\/","title":{"rendered":"Vassoura Novi\u00e7a Bola"},"content":{"rendered":"<p>A Novi\u00e7a Bola possibilita varri\u00e7\u00e3o 360\u00b0, ampliando a superf\u00edcie de contato. Suas cerdas naturais e macias n\u00e3o arranham o piso e seu formato n\u00e3o danifica os m\u00f3veis. A vassoura Bola foi desenvolvida para pisos secos, lisos e delicados. O modelo conta tamb\u00e9m com a exclusiva tecnologia Max Protect, em que o cabo \u00e9 produzido em a\u00e7o com revestimento hermeticamente fechado, trazendo ultra prote\u00e7\u00e3o contra quebra e oxida\u00e7\u00e3o, e oferecendo maior durabilidade ao produto.<\/p>\n<p>Dimens\u00f5es do produto sem cabo: 32x15x15cm<br \/>\nDimens\u00f5es do cabo: 112,5&#215;2,1&#215;2,1cm<\/p>\n","protected":false},"excerpt":{"rendered":"<p>A Novi\u00e7a Bola possibilita varri\u00e7\u00e3o 360\u00b0, ampliando a superf\u00edcie de contato. Suas cerdas naturais e macias n\u00e3o arranham o piso e seu formato n\u00e3o danifica os m\u00f3veis. A vassoura Bola foi desenvolvida para pisos secos, lisos e delicados. O modelo conta tamb\u00e9m com a exclusiva&hellip;<\/p>\n","protected":false},"featured_media":1265,"template":"","meta":[],"product_brand":[],"product_cat":[47,54,76],"product_tag":[],"class_list":{"0":"post-1236","1":"product","2":"type-product","3":"status-publish","4":"has-post-thumbnail","6":"product_cat-equipamentos-de-limpeza","7":"product_cat-limpeza-diaria","8":"product_cat-vassouras","10":"first","11":"outofstock","12":"shipping-taxable","13":"purchasable","14":"product-type-simple"},"_links":{"self":[{"href":"https:\/\/bellocapricho.com.br\/loja\/index.php\/wp-json\/wp\/v2\/product\/1236","targetHints":{"allow":["GET"]}}],"collection":[{"href":"https:\/\/bellocapricho.com.br\/loja\/index.php\/wp-json\/wp\/v2\/product"}],"about":[{"href":"https:\/\/bellocapricho.com.br\/loja\/index.php\/wp-json\/wp\/v2\/types\/product"}],"wp:featuredmedia":[{"embeddable":true,"href":"https:\/\/bellocapricho.com.br\/loja\/index.php\/wp-json\/wp\/v2\/media\/1265"}],"wp:attachment":[{"href":"https:\/\/bellocapricho.com.br\/loja\/index.php\/wp-json\/wp\/v2\/media?parent=1236"}],"wp:term":[{"taxonomy":"product_brand","embeddable":true,"href":"https:\/\/bellocapricho.com.br\/loja\/index.php\/wp-json\/wp\/v2\/product_brand?post=1236"},{"taxonomy":"product_cat","embeddable":true,"href":"https:\/\/bellocapricho.com.br\/loja\/index.php\/wp-json\/wp\/v2\/product_cat?post=1236"},{"taxonomy":"product_tag","embeddable":true,"href":"https:\/\/bellocapricho.com.br\/loja\/index.php\/wp-json\/wp\/v2\/product_tag?post=1236"}],"curies":[{"name":"wp","href":"https:\/\/api.w.org\/{rel}","templated":true}]}}