{"id":1233,"date":"2024-10-31T16:04:43","date_gmt":"2024-10-31T19:04:43","guid":{"rendered":"https:\/\/bellocapricho.com.br\/loja\/?post_type=product&#038;p=1233"},"modified":"2026-04-04T19:45:08","modified_gmt":"2026-04-04T22:45:08","slug":"escova-para-lavar-multiuso-condor","status":"publish","type":"product","link":"https:\/\/bellocapricho.com.br\/loja\/index.php\/produto\/escova-para-lavar-multiuso-condor\/","title":{"rendered":"Escova para lavar multiuso &#8211; Condor"},"content":{"rendered":"<p>A escova multiuso para lavar possui cerdas sint\u00e9ticas, firmes e dur\u00e1veis, com dureza ideal para esfregar e lavar qualquer tipo de sujeira. Possui uma pega ergon\u00f4mica, que protege as m\u00e3os e que n\u00e3o escorrega durante do uso.<\/p>\n<p>Cores: Vermelho<br \/>\nComprimento (cm): 13<br \/>\nLargura (cm): 7,5<br \/>\nAltura (cm): 5,5<br \/>\nPeso do item sem embalagem (kg): 0,14<br \/>\nComposi\u00e7\u00e3o: Pigmento, Polipropileno e borracha.<\/p>\n","protected":false},"excerpt":{"rendered":"<p>A escova multiuso para lavar possui cerdas sint\u00e9ticas, firmes e dur\u00e1veis, com dureza ideal para esfregar e lavar qualquer tipo de sujeira. Possui uma pega ergon\u00f4mica, que protege as m\u00e3os e que n\u00e3o escorrega durante do uso. Cores: Vermelho Comprimento (cm): 13 Largura (cm): 7,5&hellip;<\/p>\n","protected":false},"featured_media":1261,"template":"","meta":[],"product_brand":[],"product_cat":[80,42,54],"product_tag":[],"class_list":{"0":"post-1233","1":"product","2":"type-product","3":"status-publish","4":"has-post-thumbnail","6":"product_cat-escovas","7":"product_cat-lavanderia","8":"product_cat-limpeza-diaria","10":"first","11":"instock","12":"shipping-taxable","13":"purchasable","14":"product-type-simple"},"_links":{"self":[{"href":"https:\/\/bellocapricho.com.br\/loja\/index.php\/wp-json\/wp\/v2\/product\/1233","targetHints":{"allow":["GET"]}}],"collection":[{"href":"https:\/\/bellocapricho.com.br\/loja\/index.php\/wp-json\/wp\/v2\/product"}],"about":[{"href":"https:\/\/bellocapricho.com.br\/loja\/index.php\/wp-json\/wp\/v2\/types\/product"}],"wp:featuredmedia":[{"embeddable":true,"href":"https:\/\/bellocapricho.com.br\/loja\/index.php\/wp-json\/wp\/v2\/media\/1261"}],"wp:attachment":[{"href":"https:\/\/bellocapricho.com.br\/loja\/index.php\/wp-json\/wp\/v2\/media?parent=1233"}],"wp:term":[{"taxonomy":"product_brand","embeddable":true,"href":"https:\/\/bellocapricho.com.br\/loja\/index.php\/wp-json\/wp\/v2\/product_brand?post=1233"},{"taxonomy":"product_cat","embeddable":true,"href":"https:\/\/bellocapricho.com.br\/loja\/index.php\/wp-json\/wp\/v2\/product_cat?post=1233"},{"taxonomy":"product_tag","embeddable":true,"href":"https:\/\/bellocapricho.com.br\/loja\/index.php\/wp-json\/wp\/v2\/product_tag?post=1233"}],"curies":[{"name":"wp","href":"https:\/\/api.w.org\/{rel}","templated":true}]}}