{"id":1232,"date":"2024-10-31T16:01:54","date_gmt":"2024-10-31T19:01:54","guid":{"rendered":"https:\/\/bellocapricho.com.br\/loja\/?post_type=product&#038;p=1232"},"modified":"2026-04-04T12:20:14","modified_gmt":"2026-04-04T15:20:14","slug":"esponja-limpeza-delicada-condor","status":"publish","type":"product","link":"https:\/\/bellocapricho.com.br\/loja\/index.php\/produto\/esponja-limpeza-delicada-condor\/","title":{"rendered":"Esponja Limpeza Delicada &#8211; Condor"},"content":{"rendered":"<p>Esponja para limpeza de superf\u00edcies delicadas como cristais e panelas\/refrat\u00e1rios antiaderentes. N\u00e3o risca as superf\u00edcies. Embalagem unit\u00e1ria.<\/p>\n<p>Cores: Azul<br \/>\nComprimento (cm): 11,50<br \/>\nLargura (cm): 2,70<br \/>\nAltura (cm): 7,50<br \/>\nPeso do item sem embalagem (kg): 0,01<br \/>\nComposi\u00e7\u00e3o: Espuma de Poliuretano, fibra sint\u00e9tica, agente antibacteriano e agente antiviral.<\/p>\n","protected":false},"excerpt":{"rendered":"<p>Esponja para limpeza de superf\u00edcies delicadas como cristais e panelas\/refrat\u00e1rios antiaderentes. N\u00e3o risca as superf\u00edcies. Embalagem unit\u00e1ria. Cores: Azul Comprimento (cm): 11,50 Largura (cm): 2,70 Altura (cm): 7,50 Peso do item sem embalagem (kg): 0,01 Composi\u00e7\u00e3o: Espuma de Poliuretano, fibra sint\u00e9tica, agente antibacteriano e agente&hellip;<\/p>\n","protected":false},"featured_media":1260,"template":"","meta":[],"product_brand":[],"product_cat":[79,58,54],"product_tag":[],"class_list":{"0":"post-1232","1":"product","2":"type-product","3":"status-publish","4":"has-post-thumbnail","6":"product_cat-esponjas","7":"product_cat-lava-loucas","8":"product_cat-limpeza-diaria","10":"first","11":"instock","12":"shipping-taxable","13":"purchasable","14":"product-type-simple"},"_links":{"self":[{"href":"https:\/\/bellocapricho.com.br\/loja\/index.php\/wp-json\/wp\/v2\/product\/1232","targetHints":{"allow":["GET"]}}],"collection":[{"href":"https:\/\/bellocapricho.com.br\/loja\/index.php\/wp-json\/wp\/v2\/product"}],"about":[{"href":"https:\/\/bellocapricho.com.br\/loja\/index.php\/wp-json\/wp\/v2\/types\/product"}],"wp:featuredmedia":[{"embeddable":true,"href":"https:\/\/bellocapricho.com.br\/loja\/index.php\/wp-json\/wp\/v2\/media\/1260"}],"wp:attachment":[{"href":"https:\/\/bellocapricho.com.br\/loja\/index.php\/wp-json\/wp\/v2\/media?parent=1232"}],"wp:term":[{"taxonomy":"product_brand","embeddable":true,"href":"https:\/\/bellocapricho.com.br\/loja\/index.php\/wp-json\/wp\/v2\/product_brand?post=1232"},{"taxonomy":"product_cat","embeddable":true,"href":"https:\/\/bellocapricho.com.br\/loja\/index.php\/wp-json\/wp\/v2\/product_cat?post=1232"},{"taxonomy":"product_tag","embeddable":true,"href":"https:\/\/bellocapricho.com.br\/loja\/index.php\/wp-json\/wp\/v2\/product_tag?post=1232"}],"curies":[{"name":"wp","href":"https:\/\/api.w.org\/{rel}","templated":true}]}}