{"id":1231,"date":"2024-10-31T15:59:07","date_gmt":"2024-10-31T18:59:07","guid":{"rendered":"https:\/\/bellocapricho.com.br\/loja\/?post_type=product&#038;p=1231"},"modified":"2026-04-05T00:10:52","modified_gmt":"2026-04-05T03:10:52","slug":"esponja-limpeza-multiuso-leve-4-pague-3","status":"publish","type":"product","link":"https:\/\/bellocapricho.com.br\/loja\/index.php\/produto\/esponja-limpeza-multiuso-leve-4-pague-3\/","title":{"rendered":"Esponja Limpeza Multiuso Leve 4 Pague 3"},"content":{"rendered":"<p>Esponja multiuso com tecnologia antiviral (aplicada em sua manta abrasiva) e agente antibacteriano (aplicado em sua espuma). Com manta mais abrasiva ideal para limpeza efetiva em menos tempo. Sugerida para limpeza geral. Embalagem com 4 unidades tipo promopack (Leve 4 Pague 3).<\/p>\n<p>Cores: Amarelo\/Verde<br \/>\nComprimento (cm): 24<br \/>\nLargura (cm): 15,50<br \/>\nAltura (cm): 2,50<br \/>\nPeso do item sem embalagem (kg): 0,04<br \/>\nComposi\u00e7\u00e3o: Espuma de Poliuretano, fibra sint\u00e9tica, agente antibacteriano e agente antiviral.<\/p>\n","protected":false},"excerpt":{"rendered":"<p>Esponja multiuso com tecnologia antiviral (aplicada em sua manta abrasiva) e agente antibacteriano (aplicado em sua espuma). Com manta mais abrasiva ideal para limpeza efetiva em menos tempo. Sugerida para limpeza geral. Embalagem com 4 unidades tipo promopack (Leve 4 Pague 3). Cores: Amarelo\/Verde Comprimento&hellip;<\/p>\n","protected":false},"featured_media":1256,"template":"","meta":[],"product_brand":[],"product_cat":[79,58,54],"product_tag":[],"class_list":{"0":"post-1231","1":"product","2":"type-product","3":"status-publish","4":"has-post-thumbnail","6":"product_cat-esponjas","7":"product_cat-lava-loucas","8":"product_cat-limpeza-diaria","10":"first","11":"instock","12":"shipping-taxable","13":"purchasable","14":"product-type-simple"},"_links":{"self":[{"href":"https:\/\/bellocapricho.com.br\/loja\/index.php\/wp-json\/wp\/v2\/product\/1231","targetHints":{"allow":["GET"]}}],"collection":[{"href":"https:\/\/bellocapricho.com.br\/loja\/index.php\/wp-json\/wp\/v2\/product"}],"about":[{"href":"https:\/\/bellocapricho.com.br\/loja\/index.php\/wp-json\/wp\/v2\/types\/product"}],"wp:featuredmedia":[{"embeddable":true,"href":"https:\/\/bellocapricho.com.br\/loja\/index.php\/wp-json\/wp\/v2\/media\/1256"}],"wp:attachment":[{"href":"https:\/\/bellocapricho.com.br\/loja\/index.php\/wp-json\/wp\/v2\/media?parent=1231"}],"wp:term":[{"taxonomy":"product_brand","embeddable":true,"href":"https:\/\/bellocapricho.com.br\/loja\/index.php\/wp-json\/wp\/v2\/product_brand?post=1231"},{"taxonomy":"product_cat","embeddable":true,"href":"https:\/\/bellocapricho.com.br\/loja\/index.php\/wp-json\/wp\/v2\/product_cat?post=1231"},{"taxonomy":"product_tag","embeddable":true,"href":"https:\/\/bellocapricho.com.br\/loja\/index.php\/wp-json\/wp\/v2\/product_tag?post=1231"}],"curies":[{"name":"wp","href":"https:\/\/api.w.org\/{rel}","templated":true}]}}