{"id":1229,"date":"2024-10-31T15:44:59","date_gmt":"2024-10-31T18:44:59","guid":{"rendered":"https:\/\/bellocapricho.com.br\/loja\/?post_type=product&#038;p=1229"},"modified":"2026-04-04T12:20:11","modified_gmt":"2026-04-04T15:20:11","slug":"pa-para-lixo-condor","status":"publish","type":"product","link":"https:\/\/bellocapricho.com.br\/loja\/index.php\/produto\/pa-para-lixo-condor\/","title":{"rendered":"P\u00e1 para lixo &#8211; Condor"},"content":{"rendered":"<p>P\u00e1 para lixo, ideal para a limpeza do dia a dia. O design do cabo permite que esta p\u00e1 seja presa no cabo de vassouras. F\u00e1cil de manusear e guardar.<\/p>\n<p>Cores: Vermelho<br \/>\nComprimento (cm): 30,50<br \/>\nLargura (cm): 22,50<br \/>\nAltura (cm): 5,50<br \/>\nPeso do item sem embalagem (kg): 0,08<br \/>\nComposi\u00e7\u00e3o: Mat\u00e9ria Sint\u00e9tica e pigmento.<\/p>\n","protected":false},"excerpt":{"rendered":"<p>P\u00e1 para lixo, ideal para a limpeza do dia a dia. O design do cabo permite que esta p\u00e1 seja presa no cabo de vassouras. F\u00e1cil de manusear e guardar. Cores: Vermelho Comprimento (cm): 30,50 Largura (cm): 22,50 Altura (cm): 5,50 Peso do item sem&hellip;<\/p>\n","protected":false},"featured_media":1254,"template":"","meta":[],"product_brand":[],"product_cat":[47,54,78],"product_tag":[],"class_list":{"0":"post-1229","1":"product","2":"type-product","3":"status-publish","4":"has-post-thumbnail","6":"product_cat-equipamentos-de-limpeza","7":"product_cat-limpeza-diaria","8":"product_cat-pa-de-lixo","10":"first","11":"outofstock","12":"shipping-taxable","13":"purchasable","14":"product-type-simple"},"_links":{"self":[{"href":"https:\/\/bellocapricho.com.br\/loja\/index.php\/wp-json\/wp\/v2\/product\/1229","targetHints":{"allow":["GET"]}}],"collection":[{"href":"https:\/\/bellocapricho.com.br\/loja\/index.php\/wp-json\/wp\/v2\/product"}],"about":[{"href":"https:\/\/bellocapricho.com.br\/loja\/index.php\/wp-json\/wp\/v2\/types\/product"}],"wp:featuredmedia":[{"embeddable":true,"href":"https:\/\/bellocapricho.com.br\/loja\/index.php\/wp-json\/wp\/v2\/media\/1254"}],"wp:attachment":[{"href":"https:\/\/bellocapricho.com.br\/loja\/index.php\/wp-json\/wp\/v2\/media?parent=1229"}],"wp:term":[{"taxonomy":"product_brand","embeddable":true,"href":"https:\/\/bellocapricho.com.br\/loja\/index.php\/wp-json\/wp\/v2\/product_brand?post=1229"},{"taxonomy":"product_cat","embeddable":true,"href":"https:\/\/bellocapricho.com.br\/loja\/index.php\/wp-json\/wp\/v2\/product_cat?post=1229"},{"taxonomy":"product_tag","embeddable":true,"href":"https:\/\/bellocapricho.com.br\/loja\/index.php\/wp-json\/wp\/v2\/product_tag?post=1229"}],"curies":[{"name":"wp","href":"https:\/\/api.w.org\/{rel}","templated":true}]}}