{"id":1228,"date":"2024-10-31T15:42:06","date_gmt":"2024-10-31T18:42:06","guid":{"rendered":"https:\/\/bellocapricho.com.br\/loja\/?post_type=product&#038;p=1228"},"modified":"2026-04-04T12:20:14","modified_gmt":"2026-04-04T15:20:14","slug":"rodo-simples-condor-30cm","status":"publish","type":"product","link":"https:\/\/bellocapricho.com.br\/loja\/index.php\/produto\/rodo-simples-condor-30cm\/","title":{"rendered":"Rodo Simples Condor 30cm"},"content":{"rendered":"<p>Borracha em EVA e com garras que prendem o pano de ch\u00e3o. Ideal para pequenas \u00e1reas.<\/p>\n<p>Cor: Vermelho<br \/>\nComprimento (cm): 124<br \/>\nLargura (cm): 31<br \/>\nAltura (cm): 6<br \/>\nPeso do item sem embalagem (kg): 0,26<br \/>\nComposi\u00e7\u00e3o: Pigmento, mat\u00e9ria sint\u00e9tica e metal.<\/p>\n","protected":false},"excerpt":{"rendered":"<p>Borracha em EVA e com garras que prendem o pano de ch\u00e3o. Ideal para pequenas \u00e1reas. Cor: Vermelho Comprimento (cm): 124 Largura (cm): 31 Altura (cm): 6 Peso do item sem embalagem (kg): 0,26 Composi\u00e7\u00e3o: Pigmento, mat\u00e9ria sint\u00e9tica e metal.<\/p>\n","protected":false},"featured_media":1252,"template":"","meta":[],"product_brand":[],"product_cat":[47,54,77],"product_tag":[],"class_list":{"0":"post-1228","1":"product","2":"type-product","3":"status-publish","4":"has-post-thumbnail","6":"product_cat-equipamentos-de-limpeza","7":"product_cat-limpeza-diaria","8":"product_cat-rodos","10":"first","11":"outofstock","12":"shipping-taxable","13":"purchasable","14":"product-type-simple"},"_links":{"self":[{"href":"https:\/\/bellocapricho.com.br\/loja\/index.php\/wp-json\/wp\/v2\/product\/1228","targetHints":{"allow":["GET"]}}],"collection":[{"href":"https:\/\/bellocapricho.com.br\/loja\/index.php\/wp-json\/wp\/v2\/product"}],"about":[{"href":"https:\/\/bellocapricho.com.br\/loja\/index.php\/wp-json\/wp\/v2\/types\/product"}],"wp:featuredmedia":[{"embeddable":true,"href":"https:\/\/bellocapricho.com.br\/loja\/index.php\/wp-json\/wp\/v2\/media\/1252"}],"wp:attachment":[{"href":"https:\/\/bellocapricho.com.br\/loja\/index.php\/wp-json\/wp\/v2\/media?parent=1228"}],"wp:term":[{"taxonomy":"product_brand","embeddable":true,"href":"https:\/\/bellocapricho.com.br\/loja\/index.php\/wp-json\/wp\/v2\/product_brand?post=1228"},{"taxonomy":"product_cat","embeddable":true,"href":"https:\/\/bellocapricho.com.br\/loja\/index.php\/wp-json\/wp\/v2\/product_cat?post=1228"},{"taxonomy":"product_tag","embeddable":true,"href":"https:\/\/bellocapricho.com.br\/loja\/index.php\/wp-json\/wp\/v2\/product_tag?post=1228"}],"curies":[{"name":"wp","href":"https:\/\/api.w.org\/{rel}","templated":true}]}}