{"id":1227,"date":"2024-10-31T15:37:56","date_gmt":"2024-10-31T18:37:56","guid":{"rendered":"https:\/\/bellocapricho.com.br\/loja\/?post_type=product&#038;p=1227"},"modified":"2026-04-04T18:50:08","modified_gmt":"2026-04-04T21:50:08","slug":"vassoura-multiuso-condor","status":"publish","type":"product","link":"https:\/\/bellocapricho.com.br\/loja\/index.php\/produto\/vassoura-multiuso-condor\/","title":{"rendered":"Vassoura Multiuso &#8211; Condor"},"content":{"rendered":"<p>Vassoura Multiuso Condor. Agora com a Tecnologia Cerdas Cruzadas que agarra melhor a sujeira, facilitando o trabalho de limpeza, seguindo as \u00faltimas tend\u00eancias de cores que combinam com a decora\u00e7\u00e3o de casa.<\/p>\n<p>&#8211; Para qualquer tipo de piso<br \/>\n&#8211; Cerdas cruzadas, longas e plumadas<\/p>\n<p>Cores: Vermelho<br \/>\nComprimento (cm): 4<br \/>\nLargura (cm): 31<br \/>\nAltura (cm): 136<br \/>\nPeso do item sem embalagem (kg): 0,51<br \/>\nComposi\u00e7\u00e3o: Pigmento, mat\u00e9ria sint\u00e9tica e metal.<\/p>\n","protected":false},"excerpt":{"rendered":"<p>Vassoura Multiuso Condor. Agora com a Tecnologia Cerdas Cruzadas que agarra melhor a sujeira, facilitando o trabalho de limpeza, seguindo as \u00faltimas tend\u00eancias de cores que combinam com a decora\u00e7\u00e3o de casa. &#8211; Para qualquer tipo de piso &#8211; Cerdas cruzadas, longas e plumadas Cores:&hellip;<\/p>\n","protected":false},"featured_media":1253,"template":"","meta":[],"product_brand":[],"product_cat":[47,54,76],"product_tag":[],"class_list":{"0":"post-1227","1":"product","2":"type-product","3":"status-publish","4":"has-post-thumbnail","6":"product_cat-equipamentos-de-limpeza","7":"product_cat-limpeza-diaria","8":"product_cat-vassouras","10":"first","11":"instock","12":"shipping-taxable","13":"purchasable","14":"product-type-simple"},"_links":{"self":[{"href":"https:\/\/bellocapricho.com.br\/loja\/index.php\/wp-json\/wp\/v2\/product\/1227","targetHints":{"allow":["GET"]}}],"collection":[{"href":"https:\/\/bellocapricho.com.br\/loja\/index.php\/wp-json\/wp\/v2\/product"}],"about":[{"href":"https:\/\/bellocapricho.com.br\/loja\/index.php\/wp-json\/wp\/v2\/types\/product"}],"wp:featuredmedia":[{"embeddable":true,"href":"https:\/\/bellocapricho.com.br\/loja\/index.php\/wp-json\/wp\/v2\/media\/1253"}],"wp:attachment":[{"href":"https:\/\/bellocapricho.com.br\/loja\/index.php\/wp-json\/wp\/v2\/media?parent=1227"}],"wp:term":[{"taxonomy":"product_brand","embeddable":true,"href":"https:\/\/bellocapricho.com.br\/loja\/index.php\/wp-json\/wp\/v2\/product_brand?post=1227"},{"taxonomy":"product_cat","embeddable":true,"href":"https:\/\/bellocapricho.com.br\/loja\/index.php\/wp-json\/wp\/v2\/product_cat?post=1227"},{"taxonomy":"product_tag","embeddable":true,"href":"https:\/\/bellocapricho.com.br\/loja\/index.php\/wp-json\/wp\/v2\/product_tag?post=1227"}],"curies":[{"name":"wp","href":"https:\/\/api.w.org\/{rel}","templated":true}]}}