{"id":1226,"date":"2024-10-31T15:28:31","date_gmt":"2024-10-31T18:28:31","guid":{"rendered":"https:\/\/bellocapricho.com.br\/loja\/?post_type=product&#038;p=1226"},"modified":"2026-04-04T10:30:05","modified_gmt":"2026-04-04T13:30:05","slug":"vassoura-uso-interno-condor","status":"publish","type":"product","link":"https:\/\/bellocapricho.com.br\/loja\/index.php\/produto\/vassoura-uso-interno-condor\/","title":{"rendered":"Vassoura Uso Interno &#8211; Condor"},"content":{"rendered":"<p>Vassoura com cerdas sint\u00e9ticas macias e cabo angulado, ideais para pisos delicados. Garantem a limpeza perfeita sem danificar os pisos de cer\u00e2mica, porcelanato, madeira e laminados.<\/p>\n<p>Cor: Vermelho<br \/>\nComprimento (cm): 9<br \/>\nLargura (cm): 33<br \/>\nAltura (cm): 131<br \/>\nPeso do item sem embalagem (kg): 0,48<br \/>\nComposi\u00e7\u00e3o: Pigmento, mat\u00e9ria sint\u00e9tica e metal.<\/p>\n","protected":false},"excerpt":{"rendered":"<p>Vassoura com cerdas sint\u00e9ticas macias e cabo angulado, ideais para pisos delicados. Garantem a limpeza perfeita sem danificar os pisos de cer\u00e2mica, porcelanato, madeira e laminados. Cor: Vermelho Comprimento (cm): 9 Largura (cm): 33 Altura (cm): 131 Peso do item sem embalagem (kg): 0,48 Composi\u00e7\u00e3o:&hellip;<\/p>\n","protected":false},"featured_media":1241,"template":"","meta":[],"product_brand":[],"product_cat":[47,54,76],"product_tag":[],"class_list":{"0":"post-1226","1":"product","2":"type-product","3":"status-publish","4":"has-post-thumbnail","6":"product_cat-equipamentos-de-limpeza","7":"product_cat-limpeza-diaria","8":"product_cat-vassouras","10":"first","11":"instock","12":"shipping-taxable","13":"purchasable","14":"product-type-simple"},"_links":{"self":[{"href":"https:\/\/bellocapricho.com.br\/loja\/index.php\/wp-json\/wp\/v2\/product\/1226","targetHints":{"allow":["GET"]}}],"collection":[{"href":"https:\/\/bellocapricho.com.br\/loja\/index.php\/wp-json\/wp\/v2\/product"}],"about":[{"href":"https:\/\/bellocapricho.com.br\/loja\/index.php\/wp-json\/wp\/v2\/types\/product"}],"wp:featuredmedia":[{"embeddable":true,"href":"https:\/\/bellocapricho.com.br\/loja\/index.php\/wp-json\/wp\/v2\/media\/1241"}],"wp:attachment":[{"href":"https:\/\/bellocapricho.com.br\/loja\/index.php\/wp-json\/wp\/v2\/media?parent=1226"}],"wp:term":[{"taxonomy":"product_brand","embeddable":true,"href":"https:\/\/bellocapricho.com.br\/loja\/index.php\/wp-json\/wp\/v2\/product_brand?post=1226"},{"taxonomy":"product_cat","embeddable":true,"href":"https:\/\/bellocapricho.com.br\/loja\/index.php\/wp-json\/wp\/v2\/product_cat?post=1226"},{"taxonomy":"product_tag","embeddable":true,"href":"https:\/\/bellocapricho.com.br\/loja\/index.php\/wp-json\/wp\/v2\/product_tag?post=1226"}],"curies":[{"name":"wp","href":"https:\/\/api.w.org\/{rel}","templated":true}]}}