{"id":1194,"date":"2024-09-16T16:07:05","date_gmt":"2024-09-16T19:07:05","guid":{"rendered":"https:\/\/bellocapricho.com.br\/loja\/?post_type=product&#038;p=1194"},"modified":"2026-04-05T07:15:05","modified_gmt":"2026-04-05T10:15:05","slug":"difusor-aromatizador-eletrico-bivolt-standard-white-via-aroma","status":"publish","type":"product","link":"https:\/\/bellocapricho.com.br\/loja\/index.php\/produto\/difusor-aromatizador-eletrico-bivolt-standard-white-via-aroma\/","title":{"rendered":"Difusor Aromatizador El\u00e9trico Bivolt Standard White Via Aroma"},"content":{"rendered":"<p>Mais economia com a qualidade que voc\u00ea j\u00e1 conhece, o Difusor Aromatizador El\u00e9trico Bivolt Standard Via Aroma viabiliza a difus\u00e3o de \u00f3leos essenciais e ess\u00eancias com praticidade, economia e seguran\u00e7a. Fabricado em pl\u00e1stico com pol\u00edmeros industriais, o mesmo material usado na ind\u00fastria automotiva e m\u00e9dica, que n\u00e3o contamina o \u00f3leo essencial ou a ess\u00eancia utilizada. Aproveite para aromatizar toda sua casa!<\/p>\n","protected":false},"excerpt":{"rendered":"<p>Mais economia com a qualidade que voc\u00ea j\u00e1 conhece, o Difusor Aromatizador El\u00e9trico Bivolt Standard Via Aroma viabiliza a difus\u00e3o de \u00f3leos essenciais e ess\u00eancias com praticidade, economia e seguran\u00e7a. Fabricado em pl\u00e1stico com pol\u00edmeros industriais, o mesmo material usado na ind\u00fastria automotiva e m\u00e9dica,&hellip;<\/p>\n","protected":false},"featured_media":1216,"template":"","meta":[],"product_brand":[],"product_cat":[43,75,55],"product_tag":[],"class_list":{"0":"post-1194","1":"product","2":"type-product","3":"status-publish","4":"has-post-thumbnail","6":"product_cat-aromatizantes","7":"product_cat-difusor","8":"product_cat-essencias","10":"first","11":"instock","12":"shipping-taxable","13":"purchasable","14":"product-type-simple"},"_links":{"self":[{"href":"https:\/\/bellocapricho.com.br\/loja\/index.php\/wp-json\/wp\/v2\/product\/1194","targetHints":{"allow":["GET"]}}],"collection":[{"href":"https:\/\/bellocapricho.com.br\/loja\/index.php\/wp-json\/wp\/v2\/product"}],"about":[{"href":"https:\/\/bellocapricho.com.br\/loja\/index.php\/wp-json\/wp\/v2\/types\/product"}],"wp:featuredmedia":[{"embeddable":true,"href":"https:\/\/bellocapricho.com.br\/loja\/index.php\/wp-json\/wp\/v2\/media\/1216"}],"wp:attachment":[{"href":"https:\/\/bellocapricho.com.br\/loja\/index.php\/wp-json\/wp\/v2\/media?parent=1194"}],"wp:term":[{"taxonomy":"product_brand","embeddable":true,"href":"https:\/\/bellocapricho.com.br\/loja\/index.php\/wp-json\/wp\/v2\/product_brand?post=1194"},{"taxonomy":"product_cat","embeddable":true,"href":"https:\/\/bellocapricho.com.br\/loja\/index.php\/wp-json\/wp\/v2\/product_cat?post=1194"},{"taxonomy":"product_tag","embeddable":true,"href":"https:\/\/bellocapricho.com.br\/loja\/index.php\/wp-json\/wp\/v2\/product_tag?post=1194"}],"curies":[{"name":"wp","href":"https:\/\/api.w.org\/{rel}","templated":true}]}}