{"id":1192,"date":"2024-09-16T15:59:51","date_gmt":"2024-09-16T18:59:51","guid":{"rendered":"https:\/\/bellocapricho.com.br\/loja\/?post_type=product&#038;p=1192"},"modified":"2026-04-04T19:06:14","modified_gmt":"2026-04-04T22:06:14","slug":"essencia-hidrossoluvel-lavanda-francesa-via-aroma-30ml","status":"publish","type":"product","link":"https:\/\/bellocapricho.com.br\/loja\/index.php\/produto\/essencia-hidrossoluvel-lavanda-francesa-via-aroma-30ml\/","title":{"rendered":"Ess\u00eancia Hidrossol\u00favel Lavanda Francesa Via Aroma &#8211; 30ml"},"content":{"rendered":"<p>Floral, relaxante e sofisticada, a Ess\u00eancia Hidrossol\u00favel Lavanda Francesa traz mais requinte aos seus ambientes. Feitas especialmente para usar no Difusor Ultrass\u00f4nico, as fragr\u00e2ncias hidrossol\u00faveis da Linha Cl\u00e1ssica oferecem perfumes duradouros que podem ser usados em todos os espa\u00e7os e trazem sensa\u00e7\u00f5es de bem-estar ao seu dia a dia.<br \/>\nMundialmente conhecida pelos mares floridos que pintam o horizonte de lil\u00e1s, a lavanda \u00e9 uma planta muito variada. Caracter\u00edsticas das regi\u00f5es montanhosas na Europa, \u00e9 amplamente utilizada desde a antiguidade. Esta fragr\u00e2ncia traz toda a tranquilidade da lavanda somada \u00e0s notas de fundo intensas para maior sofistica\u00e7\u00e3o do ambiente.<br \/>\nA fragr\u00e2ncia Lavanda Francesa Via Aroma tem um aroma relaxante e tranquilizante capaz de tornar qualquer espa\u00e7o mais sofisticado. Traz notas de lavanda com notas c\u00edtricas superficiais que harmonizam com os aromas mais marcantes de corpo e fundo. Esse cheirinho cria uma atmosfera pac\u00edfica, com toques de requinte e eleg\u00e2ncia.<\/p>\n","protected":false},"excerpt":{"rendered":"<p>Floral, relaxante e sofisticada, a Ess\u00eancia Hidrossol\u00favel Lavanda Francesa traz mais requinte aos seus ambientes. Feitas especialmente para usar no Difusor Ultrass\u00f4nico, as fragr\u00e2ncias hidrossol\u00faveis da Linha Cl\u00e1ssica oferecem perfumes duradouros que podem ser usados em todos os espa\u00e7os e trazem sensa\u00e7\u00f5es de bem-estar ao&hellip;<\/p>\n","protected":false},"featured_media":1214,"template":"","meta":[],"product_brand":[],"product_cat":[55],"product_tag":[],"class_list":{"0":"post-1192","1":"product","2":"type-product","3":"status-publish","4":"has-post-thumbnail","6":"product_cat-essencias","8":"first","9":"outofstock","10":"shipping-taxable","11":"purchasable","12":"product-type-simple"},"_links":{"self":[{"href":"https:\/\/bellocapricho.com.br\/loja\/index.php\/wp-json\/wp\/v2\/product\/1192","targetHints":{"allow":["GET"]}}],"collection":[{"href":"https:\/\/bellocapricho.com.br\/loja\/index.php\/wp-json\/wp\/v2\/product"}],"about":[{"href":"https:\/\/bellocapricho.com.br\/loja\/index.php\/wp-json\/wp\/v2\/types\/product"}],"wp:featuredmedia":[{"embeddable":true,"href":"https:\/\/bellocapricho.com.br\/loja\/index.php\/wp-json\/wp\/v2\/media\/1214"}],"wp:attachment":[{"href":"https:\/\/bellocapricho.com.br\/loja\/index.php\/wp-json\/wp\/v2\/media?parent=1192"}],"wp:term":[{"taxonomy":"product_brand","embeddable":true,"href":"https:\/\/bellocapricho.com.br\/loja\/index.php\/wp-json\/wp\/v2\/product_brand?post=1192"},{"taxonomy":"product_cat","embeddable":true,"href":"https:\/\/bellocapricho.com.br\/loja\/index.php\/wp-json\/wp\/v2\/product_cat?post=1192"},{"taxonomy":"product_tag","embeddable":true,"href":"https:\/\/bellocapricho.com.br\/loja\/index.php\/wp-json\/wp\/v2\/product_tag?post=1192"}],"curies":[{"name":"wp","href":"https:\/\/api.w.org\/{rel}","templated":true}]}}