{"id":1190,"date":"2024-09-16T15:55:26","date_gmt":"2024-09-16T18:55:26","guid":{"rendered":"https:\/\/bellocapricho.com.br\/loja\/?post_type=product&#038;p=1190"},"modified":"2026-04-04T10:30:09","modified_gmt":"2026-04-04T13:30:09","slug":"essencia-hidrossoluvel-flor-de-cerejeira-via-aroma-30ml","status":"publish","type":"product","link":"https:\/\/bellocapricho.com.br\/loja\/index.php\/produto\/essencia-hidrossoluvel-flor-de-cerejeira-via-aroma-30ml\/","title":{"rendered":"Ess\u00eancia Hidrossol\u00favel Flor de Cerejeira Via Aroma &#8211; 30ml"},"content":{"rendered":"<p>Floral, adocicada e rom\u00e2ntica, a Ess\u00eancia Hidrossol\u00favel Flor de Cerejeira traz mais sofistica\u00e7\u00e3o aos seus ambientes. Feitas especialmente para usar no Difusor Ultrass\u00f4nico, as fragr\u00e2ncias hidrossol\u00faveis da Linha Cl\u00e1ssica oferecem perfumes duradouros que podem ser usados em todos os espa\u00e7os e trazem sensa\u00e7\u00f5es de bem-estar ao seu dia a dia.<\/p>\n","protected":false},"excerpt":{"rendered":"<p>Floral, adocicada e rom\u00e2ntica, a Ess\u00eancia Hidrossol\u00favel Flor de Cerejeira traz mais sofistica\u00e7\u00e3o aos seus ambientes. Feitas especialmente para usar no Difusor Ultrass\u00f4nico, as fragr\u00e2ncias hidrossol\u00faveis da Linha Cl\u00e1ssica oferecem perfumes duradouros que podem ser usados em todos os espa\u00e7os e trazem sensa\u00e7\u00f5es de bem-estar&hellip;<\/p>\n","protected":false},"featured_media":1212,"template":"","meta":[],"product_brand":[],"product_cat":[55],"product_tag":[],"class_list":{"0":"post-1190","1":"product","2":"type-product","3":"status-publish","4":"has-post-thumbnail","6":"product_cat-essencias","8":"first","9":"instock","10":"shipping-taxable","11":"purchasable","12":"product-type-simple"},"_links":{"self":[{"href":"https:\/\/bellocapricho.com.br\/loja\/index.php\/wp-json\/wp\/v2\/product\/1190","targetHints":{"allow":["GET"]}}],"collection":[{"href":"https:\/\/bellocapricho.com.br\/loja\/index.php\/wp-json\/wp\/v2\/product"}],"about":[{"href":"https:\/\/bellocapricho.com.br\/loja\/index.php\/wp-json\/wp\/v2\/types\/product"}],"wp:featuredmedia":[{"embeddable":true,"href":"https:\/\/bellocapricho.com.br\/loja\/index.php\/wp-json\/wp\/v2\/media\/1212"}],"wp:attachment":[{"href":"https:\/\/bellocapricho.com.br\/loja\/index.php\/wp-json\/wp\/v2\/media?parent=1190"}],"wp:term":[{"taxonomy":"product_brand","embeddable":true,"href":"https:\/\/bellocapricho.com.br\/loja\/index.php\/wp-json\/wp\/v2\/product_brand?post=1190"},{"taxonomy":"product_cat","embeddable":true,"href":"https:\/\/bellocapricho.com.br\/loja\/index.php\/wp-json\/wp\/v2\/product_cat?post=1190"},{"taxonomy":"product_tag","embeddable":true,"href":"https:\/\/bellocapricho.com.br\/loja\/index.php\/wp-json\/wp\/v2\/product_tag?post=1190"}],"curies":[{"name":"wp","href":"https:\/\/api.w.org\/{rel}","templated":true}]}}