{"id":1188,"date":"2024-09-16T15:49:57","date_gmt":"2024-09-16T18:49:57","guid":{"rendered":"https:\/\/bellocapricho.com.br\/loja\/?post_type=product&#038;p=1188"},"modified":"2026-04-08T11:37:55","modified_gmt":"2026-04-08T14:37:55","slug":"essencia-hidrossoluvel-black-vanilla-via-aroma-30ml","status":"publish","type":"product","link":"https:\/\/bellocapricho.com.br\/loja\/index.php\/produto\/essencia-hidrossoluvel-black-vanilla-via-aroma-30ml\/","title":{"rendered":"Ess\u00eancia Hidrossol\u00favel Black Vanilla Via Aroma &#8211; 30ml"},"content":{"rendered":"<p>Muito glamour, luxo e sofistica\u00e7\u00e3o, a Ess\u00eancia Hidrossol\u00favel Black Vanilla Via Aroma traz mais sofistica\u00e7\u00e3o aos seus ambientes. As fragr\u00e2ncias da Linha Cl\u00e1ssica oferecem perfumes duradouros que podem ser usados em todos os espa\u00e7os e trazem sensa\u00e7\u00f5es de bem-estar ao seu dia a dia.<\/p>\n<p>Aromatizante para ambientes;<br \/>\nF\u00f3rmula exclusiva, a base de \u00e1gua;<br \/>\nIdeal para uso no Difusor Ultrass\u00f4nico.<\/p>\n<p>Muito glamour, luxo e sofistica\u00e7\u00e3o: essas s\u00e3o as sensa\u00e7\u00f5es despertadas por esse aroma inigual\u00e1vel. O glamour de uma noite estrelada, esse aroma remete ao charme sofisticado que \u00e9 trazido pelas notas envolventes e sensuais que comp\u00f5em essa fragr\u00e2ncia.<br \/>\nA fragr\u00e2ncia Black Vanilla Via Aroma \u00e9 puro glamour adocicado. Por suas caracter\u00edsticas marcantes, esse aroma \u00e9 composto por notas olfativas que remetem especialmente ao luxo e ao poder. Um toque fresco inicial d\u00e1 lugar a notas florais e adocicadas com um fundo encorpado que traz um charme ao ambiente.<\/p>\n","protected":false},"excerpt":{"rendered":"<p>Muito glamour, luxo e sofistica\u00e7\u00e3o, a Ess\u00eancia Hidrossol\u00favel Black Vanilla Via Aroma traz mais sofistica\u00e7\u00e3o aos seus ambientes. As fragr\u00e2ncias da Linha Cl\u00e1ssica oferecem perfumes duradouros que podem ser usados em todos os espa\u00e7os e trazem sensa\u00e7\u00f5es de bem-estar ao seu dia a dia. Aromatizante&hellip;<\/p>\n","protected":false},"featured_media":1210,"template":"","meta":[],"product_brand":[],"product_cat":[55],"product_tag":[],"class_list":{"0":"post-1188","1":"product","2":"type-product","3":"status-publish","4":"has-post-thumbnail","6":"product_cat-essencias","8":"first","9":"outofstock","10":"shipping-taxable","11":"purchasable","12":"product-type-simple"},"_links":{"self":[{"href":"https:\/\/bellocapricho.com.br\/loja\/index.php\/wp-json\/wp\/v2\/product\/1188","targetHints":{"allow":["GET"]}}],"collection":[{"href":"https:\/\/bellocapricho.com.br\/loja\/index.php\/wp-json\/wp\/v2\/product"}],"about":[{"href":"https:\/\/bellocapricho.com.br\/loja\/index.php\/wp-json\/wp\/v2\/types\/product"}],"wp:featuredmedia":[{"embeddable":true,"href":"https:\/\/bellocapricho.com.br\/loja\/index.php\/wp-json\/wp\/v2\/media\/1210"}],"wp:attachment":[{"href":"https:\/\/bellocapricho.com.br\/loja\/index.php\/wp-json\/wp\/v2\/media?parent=1188"}],"wp:term":[{"taxonomy":"product_brand","embeddable":true,"href":"https:\/\/bellocapricho.com.br\/loja\/index.php\/wp-json\/wp\/v2\/product_brand?post=1188"},{"taxonomy":"product_cat","embeddable":true,"href":"https:\/\/bellocapricho.com.br\/loja\/index.php\/wp-json\/wp\/v2\/product_cat?post=1188"},{"taxonomy":"product_tag","embeddable":true,"href":"https:\/\/bellocapricho.com.br\/loja\/index.php\/wp-json\/wp\/v2\/product_tag?post=1188"}],"curies":[{"name":"wp","href":"https:\/\/api.w.org\/{rel}","templated":true}]}}