{"id":1187,"date":"2024-09-16T15:46:25","date_gmt":"2024-09-16T18:46:25","guid":{"rendered":"https:\/\/bellocapricho.com.br\/loja\/?post_type=product&#038;p=1187"},"modified":"2026-04-08T07:57:04","modified_gmt":"2026-04-08T10:57:04","slug":"essencia-hidrossoluvel-bamboo-via-aroma-30ml","status":"publish","type":"product","link":"https:\/\/bellocapricho.com.br\/loja\/index.php\/produto\/essencia-hidrossoluvel-bamboo-via-aroma-30ml\/","title":{"rendered":"Ess\u00eancia Hidrossol\u00favel Bamboo Via Aroma &#8211; 30ml"},"content":{"rendered":"<p>Refrescante, verde e c\u00edtrica, a Ess\u00eancia Hidrossol\u00favel Bamboo Via Aroma traz mais sofistica\u00e7\u00e3o aos seus ambientes. As fragr\u00e2ncias da Linha Cl\u00e1ssica oferecem perfumes duradouros que podem ser usados em todos os espa\u00e7os e trazem sensa\u00e7\u00f5es de bem-estar ao seu dia a dia.<\/p>\n<p>Aromatizante para ambientes;<br \/>\nF\u00f3rmula exclusiva, a base de \u00e1gua;<br \/>\nIdeal para uso no Difusor Ultrass\u00f4nico.<\/p>\n<p>Apesar da aparente simplicidade, o bambu \u00e9 muito especial. No Jap\u00e3o e na China \u00e9 considerado uma planta nobre e sagrada. Inclusive, acredita-se que o tronco oco do bambu serve de morada aos deuses! A apar\u00eancia fr\u00e1gil \u00e9 enganosa, j\u00e1 que o bambu \u00e9 uma das \u00e1rvores mais resistentes que existem, dobrando-se \u00e0s for\u00e7as externas da natureza ao mesmo tempo em que se mant\u00e9m firme abaixo do solo.<br \/>\nA fragr\u00e2ncia Bamboo Via Aroma traz uma sensa\u00e7\u00e3o de leveza e bem-estar ao ambiente. Seu cheirinho refrescante de folhas verdes \u00e9 bem equilibrado com o toque c\u00edtrico do bamboo, deixando um clima mais agrad\u00e1vel no seu espa\u00e7o.<\/p>\n","protected":false},"excerpt":{"rendered":"<p>Refrescante, verde e c\u00edtrica, a Ess\u00eancia Hidrossol\u00favel Bamboo Via Aroma traz mais sofistica\u00e7\u00e3o aos seus ambientes. As fragr\u00e2ncias da Linha Cl\u00e1ssica oferecem perfumes duradouros que podem ser usados em todos os espa\u00e7os e trazem sensa\u00e7\u00f5es de bem-estar ao seu dia a dia. Aromatizante para ambientes;&hellip;<\/p>\n","protected":false},"featured_media":1209,"template":"","meta":[],"product_brand":[],"product_cat":[55],"product_tag":[],"class_list":{"0":"post-1187","1":"product","2":"type-product","3":"status-publish","4":"has-post-thumbnail","6":"product_cat-essencias","8":"first","9":"outofstock","10":"shipping-taxable","11":"purchasable","12":"product-type-simple"},"_links":{"self":[{"href":"https:\/\/bellocapricho.com.br\/loja\/index.php\/wp-json\/wp\/v2\/product\/1187","targetHints":{"allow":["GET"]}}],"collection":[{"href":"https:\/\/bellocapricho.com.br\/loja\/index.php\/wp-json\/wp\/v2\/product"}],"about":[{"href":"https:\/\/bellocapricho.com.br\/loja\/index.php\/wp-json\/wp\/v2\/types\/product"}],"wp:featuredmedia":[{"embeddable":true,"href":"https:\/\/bellocapricho.com.br\/loja\/index.php\/wp-json\/wp\/v2\/media\/1209"}],"wp:attachment":[{"href":"https:\/\/bellocapricho.com.br\/loja\/index.php\/wp-json\/wp\/v2\/media?parent=1187"}],"wp:term":[{"taxonomy":"product_brand","embeddable":true,"href":"https:\/\/bellocapricho.com.br\/loja\/index.php\/wp-json\/wp\/v2\/product_brand?post=1187"},{"taxonomy":"product_cat","embeddable":true,"href":"https:\/\/bellocapricho.com.br\/loja\/index.php\/wp-json\/wp\/v2\/product_cat?post=1187"},{"taxonomy":"product_tag","embeddable":true,"href":"https:\/\/bellocapricho.com.br\/loja\/index.php\/wp-json\/wp\/v2\/product_tag?post=1187"}],"curies":[{"name":"wp","href":"https:\/\/api.w.org\/{rel}","templated":true}]}}