{"id":1186,"date":"2024-09-16T15:42:11","date_gmt":"2024-09-16T18:42:11","guid":{"rendered":"https:\/\/bellocapricho.com.br\/loja\/?post_type=product&#038;p=1186"},"modified":"2026-04-04T10:30:09","modified_gmt":"2026-04-04T13:30:09","slug":"essencia-hidrossoluvel-alecrim-silvestre-via-aroma-30ml","status":"publish","type":"product","link":"https:\/\/bellocapricho.com.br\/loja\/index.php\/produto\/essencia-hidrossoluvel-alecrim-silvestre-via-aroma-30ml\/","title":{"rendered":"Ess\u00eancia Hidrossol\u00favel Alecrim Silvestre Via Aroma &#8211; 30ml"},"content":{"rendered":"<p>Fresca, herbal e requintada, a Ess\u00eancia Hidrossol\u00favel Alecrim Silvestre Via Aroma traz mais sofistica\u00e7\u00e3o aos seus ambientes. As fragr\u00e2ncias da Linha Cl\u00e1ssica oferecem perfumes duradouros que podem ser usados em todos os espa\u00e7os e trazem sensa\u00e7\u00f5es de bem-estar ao seu dia a dia.<\/p>\n<p>Aromatizante para ambientes;<br \/>\nF\u00f3rmula exclusiva, a base de \u00e1gua;<br \/>\nIdeal para uso no Difusor Ultrass\u00f4nico.<\/p>\n<p>Alecrim \u00e9 um arbusto muito f\u00e1cil de cultivar e, como diz a cantiga infantil, nasce no campo mesmo sem ser semeado. Os romanos antigos chamavam essa plantinha de rosmarinus, que se traduz para o portugu\u00eas como \u201corvalho do mar\u201d. Po\u00e9tico demais, n\u00e9? Dizem as cren\u00e7as populares que o alecrim afasta a inveja e o mau-olhado, e at\u00e9 mesmo os sonhos ruins se colocado debaixo do travesseiro.<br \/>\nA Ess\u00eancia Alecrim Silvestre Via Aroma possui o aroma muito caracter\u00edstico do alecrim, que \u00e9 herbal e fresco, com notas levemente medicinais trazendo uma sensa\u00e7\u00e3o de positividade e leveza ao ambiente. Seu fundo amadeirado d\u00e1 um toque elegante, tornando esse aroma mais sofisticado.<\/p>\n","protected":false},"excerpt":{"rendered":"<p>Fresca, herbal e requintada, a Ess\u00eancia Hidrossol\u00favel Alecrim Silvestre Via Aroma traz mais sofistica\u00e7\u00e3o aos seus ambientes. As fragr\u00e2ncias da Linha Cl\u00e1ssica oferecem perfumes duradouros que podem ser usados em todos os espa\u00e7os e trazem sensa\u00e7\u00f5es de bem-estar ao seu dia a dia. Aromatizante para&hellip;<\/p>\n","protected":false},"featured_media":1208,"template":"","meta":[],"product_brand":[],"product_cat":[55],"product_tag":[],"class_list":{"0":"post-1186","1":"product","2":"type-product","3":"status-publish","4":"has-post-thumbnail","6":"product_cat-essencias","8":"first","9":"outofstock","10":"shipping-taxable","11":"purchasable","12":"product-type-simple"},"_links":{"self":[{"href":"https:\/\/bellocapricho.com.br\/loja\/index.php\/wp-json\/wp\/v2\/product\/1186","targetHints":{"allow":["GET"]}}],"collection":[{"href":"https:\/\/bellocapricho.com.br\/loja\/index.php\/wp-json\/wp\/v2\/product"}],"about":[{"href":"https:\/\/bellocapricho.com.br\/loja\/index.php\/wp-json\/wp\/v2\/types\/product"}],"wp:featuredmedia":[{"embeddable":true,"href":"https:\/\/bellocapricho.com.br\/loja\/index.php\/wp-json\/wp\/v2\/media\/1208"}],"wp:attachment":[{"href":"https:\/\/bellocapricho.com.br\/loja\/index.php\/wp-json\/wp\/v2\/media?parent=1186"}],"wp:term":[{"taxonomy":"product_brand","embeddable":true,"href":"https:\/\/bellocapricho.com.br\/loja\/index.php\/wp-json\/wp\/v2\/product_brand?post=1186"},{"taxonomy":"product_cat","embeddable":true,"href":"https:\/\/bellocapricho.com.br\/loja\/index.php\/wp-json\/wp\/v2\/product_cat?post=1186"},{"taxonomy":"product_tag","embeddable":true,"href":"https:\/\/bellocapricho.com.br\/loja\/index.php\/wp-json\/wp\/v2\/product_tag?post=1186"}],"curies":[{"name":"wp","href":"https:\/\/api.w.org\/{rel}","templated":true}]}}