{"id":1185,"date":"2024-09-16T15:34:03","date_gmt":"2024-09-16T18:34:03","guid":{"rendered":"https:\/\/bellocapricho.com.br\/loja\/?post_type=product&#038;p=1185"},"modified":"2026-04-05T00:11:04","modified_gmt":"2026-04-05T03:11:04","slug":"essencia-morango-sweet-via-aroma-10ml","status":"publish","type":"product","link":"https:\/\/bellocapricho.com.br\/loja\/index.php\/produto\/essencia-morango-sweet-via-aroma-10ml\/","title":{"rendered":"Ess\u00eancia Morango Sweet Via Aroma &#8211; 10ml"},"content":{"rendered":"<p>Para todos os f\u00e3s de cheirinhos, a Ess\u00eancia Morango Sweet Via Aroma \u00e9 pr\u00e1tica, f\u00e1cil de usar e deixa o ambiente muito perfumado. Temos muitas op\u00e7\u00f5es de fragr\u00e2ncias para voc\u00ea selecionar as queridinhas do cora\u00e7\u00e3o. O morango \u00e9 conhecido por sua cor vermelha vibrante e seu formato que se assemelha a um cora\u00e7\u00e3o. N\u00e3o \u00e9 por nada que na Roma Antiga o morango era um s\u00edmbolo de V\u00eanus, a deusa do amor. Essa fruta a muito tempo \u00e9 associada a sensualidade, ao amor e a paix\u00e3o.<\/p>\n<p>A Ess\u00eancia Morango Sweet Via Aroma foi desenvolvida com uma incr\u00edvel combina\u00e7\u00e3o de notas frutais adocicadas de caracter\u00edsticas marcantes e toques florais que trazem mais suavidade. \u00c9 um aroma envolvente e sensual, ideal para criar um ambiente sedutor.<\/p>\n","protected":false},"excerpt":{"rendered":"<p>Para todos os f\u00e3s de cheirinhos, a Ess\u00eancia Morango Sweet Via Aroma \u00e9 pr\u00e1tica, f\u00e1cil de usar e deixa o ambiente muito perfumado. Temos muitas op\u00e7\u00f5es de fragr\u00e2ncias para voc\u00ea selecionar as queridinhas do cora\u00e7\u00e3o. O morango \u00e9 conhecido por sua cor vermelha vibrante e&hellip;<\/p>\n","protected":false},"featured_media":1207,"template":"","meta":[],"product_brand":[],"product_cat":[55],"product_tag":[],"class_list":{"0":"post-1185","1":"product","2":"type-product","3":"status-publish","4":"has-post-thumbnail","6":"product_cat-essencias","8":"first","9":"instock","10":"shipping-taxable","11":"purchasable","12":"product-type-simple"},"_links":{"self":[{"href":"https:\/\/bellocapricho.com.br\/loja\/index.php\/wp-json\/wp\/v2\/product\/1185","targetHints":{"allow":["GET"]}}],"collection":[{"href":"https:\/\/bellocapricho.com.br\/loja\/index.php\/wp-json\/wp\/v2\/product"}],"about":[{"href":"https:\/\/bellocapricho.com.br\/loja\/index.php\/wp-json\/wp\/v2\/types\/product"}],"wp:featuredmedia":[{"embeddable":true,"href":"https:\/\/bellocapricho.com.br\/loja\/index.php\/wp-json\/wp\/v2\/media\/1207"}],"wp:attachment":[{"href":"https:\/\/bellocapricho.com.br\/loja\/index.php\/wp-json\/wp\/v2\/media?parent=1185"}],"wp:term":[{"taxonomy":"product_brand","embeddable":true,"href":"https:\/\/bellocapricho.com.br\/loja\/index.php\/wp-json\/wp\/v2\/product_brand?post=1185"},{"taxonomy":"product_cat","embeddable":true,"href":"https:\/\/bellocapricho.com.br\/loja\/index.php\/wp-json\/wp\/v2\/product_cat?post=1185"},{"taxonomy":"product_tag","embeddable":true,"href":"https:\/\/bellocapricho.com.br\/loja\/index.php\/wp-json\/wp\/v2\/product_tag?post=1185"}],"curies":[{"name":"wp","href":"https:\/\/api.w.org\/{rel}","templated":true}]}}