{"id":1184,"date":"2024-09-16T15:31:45","date_gmt":"2024-09-16T18:31:45","guid":{"rendered":"https:\/\/bellocapricho.com.br\/loja\/?post_type=product&#038;p=1184"},"modified":"2026-04-04T12:51:59","modified_gmt":"2026-04-04T15:51:59","slug":"essencia-baby-via-aroma-10ml","status":"publish","type":"product","link":"https:\/\/bellocapricho.com.br\/loja\/index.php\/produto\/essencia-baby-via-aroma-10ml\/","title":{"rendered":"Ess\u00eancia Baby Via Aroma &#8211; 10ml"},"content":{"rendered":"<p>Para todos os f\u00e3s de cheirinhos, a Ess\u00eancia Baby Via Aroma \u00e9 pr\u00e1tica, f\u00e1cil de usar e deixa o ambiente muito perfumado. Temos muitas op\u00e7\u00f5es de fragr\u00e2ncias para voc\u00ea selecionar as queridinhas do cora\u00e7\u00e3o.  Um aroma que traz aconchego e remete a sensa\u00e7\u00f5es de afeto e carinho, quase t\u00e3o gostoso quanto segurar um nenezinho no colo. Com essa fragr\u00e2ncia mimosa demais, cria-se o clima perfeito para o quarto das crian\u00e7as, ou aromatiza o ambiente enquanto se espera a chegada do mais novo integrante da fam\u00edlia.<\/p>\n<p>A Ess\u00eancia Baby Via Aroma \u00e9 nosso cheirinho de beb\u00ea envasado. Um cheirinho delicado que traz sensa\u00e7\u00e3o de aconchego e afeto. Com notas c\u00edtricas de sa\u00edda para dar uma refresc\u00e2ncia, apresenta um corpo cheio de notas florais e fundo de baunilha e amadeirados pra dar aquela encorpada na fragr\u00e2ncia.<\/p>\n","protected":false},"excerpt":{"rendered":"<p>Para todos os f\u00e3s de cheirinhos, a Ess\u00eancia Baby Via Aroma \u00e9 pr\u00e1tica, f\u00e1cil de usar e deixa o ambiente muito perfumado. Temos muitas op\u00e7\u00f5es de fragr\u00e2ncias para voc\u00ea selecionar as queridinhas do cora\u00e7\u00e3o. Um aroma que traz aconchego e remete a sensa\u00e7\u00f5es de afeto&hellip;<\/p>\n","protected":false},"featured_media":1206,"template":"","meta":[],"product_brand":[],"product_cat":[55],"product_tag":[],"class_list":{"0":"post-1184","1":"product","2":"type-product","3":"status-publish","4":"has-post-thumbnail","6":"product_cat-essencias","8":"first","9":"instock","10":"shipping-taxable","11":"purchasable","12":"product-type-simple"},"_links":{"self":[{"href":"https:\/\/bellocapricho.com.br\/loja\/index.php\/wp-json\/wp\/v2\/product\/1184","targetHints":{"allow":["GET"]}}],"collection":[{"href":"https:\/\/bellocapricho.com.br\/loja\/index.php\/wp-json\/wp\/v2\/product"}],"about":[{"href":"https:\/\/bellocapricho.com.br\/loja\/index.php\/wp-json\/wp\/v2\/types\/product"}],"wp:featuredmedia":[{"embeddable":true,"href":"https:\/\/bellocapricho.com.br\/loja\/index.php\/wp-json\/wp\/v2\/media\/1206"}],"wp:attachment":[{"href":"https:\/\/bellocapricho.com.br\/loja\/index.php\/wp-json\/wp\/v2\/media?parent=1184"}],"wp:term":[{"taxonomy":"product_brand","embeddable":true,"href":"https:\/\/bellocapricho.com.br\/loja\/index.php\/wp-json\/wp\/v2\/product_brand?post=1184"},{"taxonomy":"product_cat","embeddable":true,"href":"https:\/\/bellocapricho.com.br\/loja\/index.php\/wp-json\/wp\/v2\/product_cat?post=1184"},{"taxonomy":"product_tag","embeddable":true,"href":"https:\/\/bellocapricho.com.br\/loja\/index.php\/wp-json\/wp\/v2\/product_tag?post=1184"}],"curies":[{"name":"wp","href":"https:\/\/api.w.org\/{rel}","templated":true}]}}