{"id":1183,"date":"2024-09-16T15:28:59","date_gmt":"2024-09-16T18:28:59","guid":{"rendered":"https:\/\/bellocapricho.com.br\/loja\/?post_type=product&#038;p=1183"},"modified":"2026-04-04T12:30:01","modified_gmt":"2026-04-04T15:30:01","slug":"essencia-paris-sweet-peonia-essencias-do-mundo-via-aroma-10ml","status":"publish","type":"product","link":"https:\/\/bellocapricho.com.br\/loja\/index.php\/produto\/essencia-paris-sweet-peonia-essencias-do-mundo-via-aroma-10ml\/","title":{"rendered":"Ess\u00eancia Paris, Sweet Pe\u00f4nia (Ess\u00eancias do Mundo) Via Aroma &#8211; 10ml"},"content":{"rendered":"<p>Para todos os f\u00e3s de cheirinhos, a Ess\u00eancia Paris, Sweet Pe\u00f4nia Via Aroma \u00e9 pr\u00e1tica, f\u00e1cil de usar e deixa o ambiente muito perfumado. A Linha Mundo oferece uma viagem olfativa que vai encantar seus sentidos com uma sele\u00e7\u00e3o de aromas distintos que remetem a diferentes pa\u00edses, cidades e regi\u00f5es do mundo todo. A cidade do romance e da arte, Paris tem atra\u00e7\u00f5es tur\u00edsticas conhecidas por todo o mundo. Entre eles, a Torre Eiffel, o Museu do Louvre, a Catedral de Notre Dame e muitos outros espa\u00e7os e monumentos que inspiram este aroma. Os parisienses tamb\u00e9m s\u00e3o conhecidos pelo gosto culin\u00e1rio, com os doces e p\u00e3es deliciosos que n\u00e3o s\u00e3o encontrados em nenhum outro lugar do mundo.<\/p>\n<p>A Ess\u00eancia Paris, Sweet Pe\u00f4nia Via Aroma foi inspirado na eleg\u00e2ncia dos parisienses e nos vibrantes passeios pelas charmosas ruazinhas de bairro, trazendo a agrad\u00e1vel sensa\u00e7\u00e3o de completude e difundindo no ar o aroma dos fresquinhos doces franceses.  Uma mistura floral frutado que transmite feminilidade e romance embarcar nessa viagem olfativa.<\/p>\n","protected":false},"excerpt":{"rendered":"<p>Para todos os f\u00e3s de cheirinhos, a Ess\u00eancia Paris, Sweet Pe\u00f4nia Via Aroma \u00e9 pr\u00e1tica, f\u00e1cil de usar e deixa o ambiente muito perfumado. A Linha Mundo oferece uma viagem olfativa que vai encantar seus sentidos com uma sele\u00e7\u00e3o de aromas distintos que remetem a&hellip;<\/p>\n","protected":false},"featured_media":1205,"template":"","meta":[],"product_brand":[],"product_cat":[55],"product_tag":[],"class_list":{"0":"post-1183","1":"product","2":"type-product","3":"status-publish","4":"has-post-thumbnail","6":"product_cat-essencias","8":"first","9":"outofstock","10":"shipping-taxable","11":"purchasable","12":"product-type-simple"},"_links":{"self":[{"href":"https:\/\/bellocapricho.com.br\/loja\/index.php\/wp-json\/wp\/v2\/product\/1183","targetHints":{"allow":["GET"]}}],"collection":[{"href":"https:\/\/bellocapricho.com.br\/loja\/index.php\/wp-json\/wp\/v2\/product"}],"about":[{"href":"https:\/\/bellocapricho.com.br\/loja\/index.php\/wp-json\/wp\/v2\/types\/product"}],"wp:featuredmedia":[{"embeddable":true,"href":"https:\/\/bellocapricho.com.br\/loja\/index.php\/wp-json\/wp\/v2\/media\/1205"}],"wp:attachment":[{"href":"https:\/\/bellocapricho.com.br\/loja\/index.php\/wp-json\/wp\/v2\/media?parent=1183"}],"wp:term":[{"taxonomy":"product_brand","embeddable":true,"href":"https:\/\/bellocapricho.com.br\/loja\/index.php\/wp-json\/wp\/v2\/product_brand?post=1183"},{"taxonomy":"product_cat","embeddable":true,"href":"https:\/\/bellocapricho.com.br\/loja\/index.php\/wp-json\/wp\/v2\/product_cat?post=1183"},{"taxonomy":"product_tag","embeddable":true,"href":"https:\/\/bellocapricho.com.br\/loja\/index.php\/wp-json\/wp\/v2\/product_tag?post=1183"}],"curies":[{"name":"wp","href":"https:\/\/api.w.org\/{rel}","templated":true}]}}