{"id":1182,"date":"2024-09-16T15:25:30","date_gmt":"2024-09-16T18:25:30","guid":{"rendered":"https:\/\/bellocapricho.com.br\/loja\/?post_type=product&#038;p=1182"},"modified":"2026-04-05T07:10:16","modified_gmt":"2026-04-05T10:10:16","slug":"essencia-nova-york-lotus-blanc-essencias-do-mundo-via-aroma-10ml","status":"publish","type":"product","link":"https:\/\/bellocapricho.com.br\/loja\/index.php\/produto\/essencia-nova-york-lotus-blanc-essencias-do-mundo-via-aroma-10ml\/","title":{"rendered":"Ess\u00eancia Nova York, L\u00f3tus Blanc (Ess\u00eancias do Mundo) Via Aroma &#8211; 10ml"},"content":{"rendered":"<p>Para todos os f\u00e3s de cheirinhos, a Ess\u00eancia Nova York, L\u00f3tus Blanc Via Aroma \u00e9 pr\u00e1tica, f\u00e1cil de usar e deixa o ambiente muito perfumado. A Linha Mundo oferece uma viagem olfativa que vai encantar seus sentidos com uma sele\u00e7\u00e3o de aromas distintos que remetem a diferentes pa\u00edses, cidades e regi\u00f5es do mundo todo.<\/p>\n","protected":false},"excerpt":{"rendered":"<p>Para todos os f\u00e3s de cheirinhos, a Ess\u00eancia Nova York, L\u00f3tus Blanc Via Aroma \u00e9 pr\u00e1tica, f\u00e1cil de usar e deixa o ambiente muito perfumado. A Linha Mundo oferece uma viagem olfativa que vai encantar seus sentidos com uma sele\u00e7\u00e3o de aromas distintos que remetem&hellip;<\/p>\n","protected":false},"featured_media":1204,"template":"","meta":[],"product_brand":[],"product_cat":[55],"product_tag":[],"class_list":{"0":"post-1182","1":"product","2":"type-product","3":"status-publish","4":"has-post-thumbnail","6":"product_cat-essencias","8":"first","9":"instock","10":"shipping-taxable","11":"purchasable","12":"product-type-simple"},"_links":{"self":[{"href":"https:\/\/bellocapricho.com.br\/loja\/index.php\/wp-json\/wp\/v2\/product\/1182","targetHints":{"allow":["GET"]}}],"collection":[{"href":"https:\/\/bellocapricho.com.br\/loja\/index.php\/wp-json\/wp\/v2\/product"}],"about":[{"href":"https:\/\/bellocapricho.com.br\/loja\/index.php\/wp-json\/wp\/v2\/types\/product"}],"wp:featuredmedia":[{"embeddable":true,"href":"https:\/\/bellocapricho.com.br\/loja\/index.php\/wp-json\/wp\/v2\/media\/1204"}],"wp:attachment":[{"href":"https:\/\/bellocapricho.com.br\/loja\/index.php\/wp-json\/wp\/v2\/media?parent=1182"}],"wp:term":[{"taxonomy":"product_brand","embeddable":true,"href":"https:\/\/bellocapricho.com.br\/loja\/index.php\/wp-json\/wp\/v2\/product_brand?post=1182"},{"taxonomy":"product_cat","embeddable":true,"href":"https:\/\/bellocapricho.com.br\/loja\/index.php\/wp-json\/wp\/v2\/product_cat?post=1182"},{"taxonomy":"product_tag","embeddable":true,"href":"https:\/\/bellocapricho.com.br\/loja\/index.php\/wp-json\/wp\/v2\/product_tag?post=1182"}],"curies":[{"name":"wp","href":"https:\/\/api.w.org\/{rel}","templated":true}]}}