{"id":1179,"date":"2024-09-16T14:54:04","date_gmt":"2024-09-16T17:54:04","guid":{"rendered":"https:\/\/bellocapricho.com.br\/loja\/?post_type=product&#038;p=1179"},"modified":"2026-04-04T18:35:19","modified_gmt":"2026-04-04T21:35:19","slug":"essencia-harmonia-sensacoes-via-aroma-10ml","status":"publish","type":"product","link":"https:\/\/bellocapricho.com.br\/loja\/index.php\/produto\/essencia-harmonia-sensacoes-via-aroma-10ml\/","title":{"rendered":"Ess\u00eancia Harmonia (Sensa\u00e7\u00f5es) Via Aroma &#8211; 10ml"},"content":{"rendered":"<p>A Ess\u00eancia Harmonia Via Aroma possui \u00f3leos essenciais de Hortel\u00e3 e Pimenta do Reino. A presen\u00e7a dos \u00f3leos essenciais oferece sensa\u00e7\u00e3o de paz e conc\u00f3rdia. Proporcionando um ambiente com aus\u00eancia de conflitos. Sua fragr\u00e2ncia \u00e9 arom\u00e1tica verde, fresca e frutada que harmoniza com todos os ambientes.<\/p>\n","protected":false},"excerpt":{"rendered":"<p>A Ess\u00eancia Harmonia Via Aroma possui \u00f3leos essenciais de Hortel\u00e3 e Pimenta do Reino. A presen\u00e7a dos \u00f3leos essenciais oferece sensa\u00e7\u00e3o de paz e conc\u00f3rdia. Proporcionando um ambiente com aus\u00eancia de conflitos. Sua fragr\u00e2ncia \u00e9 arom\u00e1tica verde, fresca e frutada que harmoniza com todos os&hellip;<\/p>\n","protected":false},"featured_media":1201,"template":"","meta":[],"product_brand":[],"product_cat":[55],"product_tag":[],"class_list":{"0":"post-1179","1":"product","2":"type-product","3":"status-publish","4":"has-post-thumbnail","6":"product_cat-essencias","8":"first","9":"instock","10":"shipping-taxable","11":"purchasable","12":"product-type-simple"},"_links":{"self":[{"href":"https:\/\/bellocapricho.com.br\/loja\/index.php\/wp-json\/wp\/v2\/product\/1179","targetHints":{"allow":["GET"]}}],"collection":[{"href":"https:\/\/bellocapricho.com.br\/loja\/index.php\/wp-json\/wp\/v2\/product"}],"about":[{"href":"https:\/\/bellocapricho.com.br\/loja\/index.php\/wp-json\/wp\/v2\/types\/product"}],"wp:featuredmedia":[{"embeddable":true,"href":"https:\/\/bellocapricho.com.br\/loja\/index.php\/wp-json\/wp\/v2\/media\/1201"}],"wp:attachment":[{"href":"https:\/\/bellocapricho.com.br\/loja\/index.php\/wp-json\/wp\/v2\/media?parent=1179"}],"wp:term":[{"taxonomy":"product_brand","embeddable":true,"href":"https:\/\/bellocapricho.com.br\/loja\/index.php\/wp-json\/wp\/v2\/product_brand?post=1179"},{"taxonomy":"product_cat","embeddable":true,"href":"https:\/\/bellocapricho.com.br\/loja\/index.php\/wp-json\/wp\/v2\/product_cat?post=1179"},{"taxonomy":"product_tag","embeddable":true,"href":"https:\/\/bellocapricho.com.br\/loja\/index.php\/wp-json\/wp\/v2\/product_tag?post=1179"}],"curies":[{"name":"wp","href":"https:\/\/api.w.org\/{rel}","templated":true}]}}