{"id":1119,"date":"2024-07-29T21:05:05","date_gmt":"2024-07-30T00:05:05","guid":{"rendered":"https:\/\/bellocapricho.com.br\/loja\/?post_type=product&#038;p=1119"},"modified":"2026-04-04T10:55:04","modified_gmt":"2026-04-04T13:55:04","slug":"aromatizador-de-ambiente-guimaraes-350-ml-bamboo","status":"publish","type":"product","link":"https:\/\/bellocapricho.com.br\/loja\/index.php\/produto\/aromatizador-de-ambiente-guimaraes-350-ml-bamboo\/","title":{"rendered":"Aromatizador de Ambiente Guimar\u00e3es 350 ml &#8211; Bamboo"},"content":{"rendered":"<p>O Aromatizador Perfuma Lar \u00e9 perfeito para quem deseja deixar a casa perfumada. Ele traz \u00e0 tona diversas sensa\u00e7\u00f5es e lembran\u00e7as, al\u00e9m de tornar seu ambiente mais leve, agrad\u00e1vel e confort\u00e1vel. Com algumas borrifadas dos produtos da linha de aromatizadores Perfuma Lar, qualquer ambiente fica ainda mais especial. Um convite para refrescar nossos pensamentos.<\/p>\n","protected":false},"excerpt":{"rendered":"<p>O Aromatizador Perfuma Lar \u00e9 perfeito para quem deseja deixar a casa perfumada. Ele traz \u00e0 tona diversas sensa\u00e7\u00f5es e lembran\u00e7as, al\u00e9m de tornar seu ambiente mais leve, agrad\u00e1vel e confort\u00e1vel. Com algumas borrifadas dos produtos da linha de aromatizadores Perfuma Lar, qualquer ambiente fica&hellip;<\/p>\n","protected":false},"featured_media":1120,"template":"","meta":[],"product_brand":[],"product_cat":[43],"product_tag":[],"class_list":{"0":"post-1119","1":"product","2":"type-product","3":"status-publish","4":"has-post-thumbnail","6":"product_cat-aromatizantes","8":"first","9":"instock","10":"shipping-taxable","11":"purchasable","12":"product-type-simple"},"_links":{"self":[{"href":"https:\/\/bellocapricho.com.br\/loja\/index.php\/wp-json\/wp\/v2\/product\/1119","targetHints":{"allow":["GET"]}}],"collection":[{"href":"https:\/\/bellocapricho.com.br\/loja\/index.php\/wp-json\/wp\/v2\/product"}],"about":[{"href":"https:\/\/bellocapricho.com.br\/loja\/index.php\/wp-json\/wp\/v2\/types\/product"}],"wp:featuredmedia":[{"embeddable":true,"href":"https:\/\/bellocapricho.com.br\/loja\/index.php\/wp-json\/wp\/v2\/media\/1120"}],"wp:attachment":[{"href":"https:\/\/bellocapricho.com.br\/loja\/index.php\/wp-json\/wp\/v2\/media?parent=1119"}],"wp:term":[{"taxonomy":"product_brand","embeddable":true,"href":"https:\/\/bellocapricho.com.br\/loja\/index.php\/wp-json\/wp\/v2\/product_brand?post=1119"},{"taxonomy":"product_cat","embeddable":true,"href":"https:\/\/bellocapricho.com.br\/loja\/index.php\/wp-json\/wp\/v2\/product_cat?post=1119"},{"taxonomy":"product_tag","embeddable":true,"href":"https:\/\/bellocapricho.com.br\/loja\/index.php\/wp-json\/wp\/v2\/product_tag?post=1119"}],"curies":[{"name":"wp","href":"https:\/\/api.w.org\/{rel}","templated":true}]}}