{"id":1114,"date":"2024-07-29T20:55:50","date_gmt":"2024-07-29T23:55:50","guid":{"rendered":"https:\/\/bellocapricho.com.br\/loja\/?post_type=product&#038;p=1114"},"modified":"2026-04-05T07:15:05","modified_gmt":"2026-04-05T10:15:05","slug":"desengordurante-dx-30-5l","status":"publish","type":"product","link":"https:\/\/bellocapricho.com.br\/loja\/index.php\/produto\/desengordurante-dx-30-5l\/","title":{"rendered":"Desengordurante DX-30 5L"},"content":{"rendered":"<p>O DX-30 DESENGORDURANTE cont\u00e9m em sua f\u00f3rmula uma combina\u00e7\u00e3o de mol\u00e9culas de r\u00e1pida a\u00e7\u00e3o que penetram na gordura e\/ou sujeiras, possibilitando a f\u00e1cil remo\u00e7\u00e3o das mesmas. Possui duas vezes mais poder de limpeza* e deixa um agrad\u00e1vel perfume. \u00c9 indicado para limpeza de air fryer, coifas, exaustores, fog\u00f5es, grelhas, geladeiras, micro-ondas, pias e outras superf\u00edcies lav\u00e1veis.<\/p>\n","protected":false},"excerpt":{"rendered":"<p>O DX-30 DESENGORDURANTE cont\u00e9m em sua f\u00f3rmula uma combina\u00e7\u00e3o de mol\u00e9culas de r\u00e1pida a\u00e7\u00e3o que penetram na gordura e\/ou sujeiras, possibilitando a f\u00e1cil remo\u00e7\u00e3o das mesmas. Possui duas vezes mais poder de limpeza* e deixa um agrad\u00e1vel perfume. \u00c9 indicado para limpeza de air fryer,&hellip;<\/p>\n","protected":false},"featured_media":1115,"template":"","meta":[],"product_brand":[],"product_cat":[73],"product_tag":[],"class_list":{"0":"post-1114","1":"product","2":"type-product","3":"status-publish","4":"has-post-thumbnail","6":"product_cat-desengordurantes","8":"first","9":"instock","10":"shipping-taxable","11":"purchasable","12":"product-type-simple"},"_links":{"self":[{"href":"https:\/\/bellocapricho.com.br\/loja\/index.php\/wp-json\/wp\/v2\/product\/1114","targetHints":{"allow":["GET"]}}],"collection":[{"href":"https:\/\/bellocapricho.com.br\/loja\/index.php\/wp-json\/wp\/v2\/product"}],"about":[{"href":"https:\/\/bellocapricho.com.br\/loja\/index.php\/wp-json\/wp\/v2\/types\/product"}],"wp:featuredmedia":[{"embeddable":true,"href":"https:\/\/bellocapricho.com.br\/loja\/index.php\/wp-json\/wp\/v2\/media\/1115"}],"wp:attachment":[{"href":"https:\/\/bellocapricho.com.br\/loja\/index.php\/wp-json\/wp\/v2\/media?parent=1114"}],"wp:term":[{"taxonomy":"product_brand","embeddable":true,"href":"https:\/\/bellocapricho.com.br\/loja\/index.php\/wp-json\/wp\/v2\/product_brand?post=1114"},{"taxonomy":"product_cat","embeddable":true,"href":"https:\/\/bellocapricho.com.br\/loja\/index.php\/wp-json\/wp\/v2\/product_cat?post=1114"},{"taxonomy":"product_tag","embeddable":true,"href":"https:\/\/bellocapricho.com.br\/loja\/index.php\/wp-json\/wp\/v2\/product_tag?post=1114"}],"curies":[{"name":"wp","href":"https:\/\/api.w.org\/{rel}","templated":true}]}}