{"id":1109,"date":"2024-07-29T20:40:49","date_gmt":"2024-07-29T23:40:49","guid":{"rendered":"https:\/\/bellocapricho.com.br\/loja\/?post_type=product&#038;p=1109"},"modified":"2026-04-04T23:50:03","modified_gmt":"2026-04-05T02:50:03","slug":"limpa-vidros-guimaraes-1l","status":"publish","type":"product","link":"https:\/\/bellocapricho.com.br\/loja\/index.php\/produto\/limpa-vidros-guimaraes-1l\/","title":{"rendered":"Limpa Vidros Guimar\u00e3es 1L"},"content":{"rendered":"<p>O LIMPA VIDROS foi desenvolvido para aplica\u00e7\u00e3o em vidros, vitrines, espelhos, para-brisas e acr\u00edlicos. Sua f\u00f3rmula permite a limpeza sem deixar res\u00edduos nas superf\u00edcies.<\/p>\n","protected":false},"excerpt":{"rendered":"<p>O LIMPA VIDROS foi desenvolvido para aplica\u00e7\u00e3o em vidros, vitrines, espelhos, para-brisas e acr\u00edlicos. Sua f\u00f3rmula permite a limpeza sem deixar res\u00edduos nas superf\u00edcies.<\/p>\n","protected":false},"featured_media":1110,"template":"","meta":[],"product_brand":[],"product_cat":[61],"product_tag":[],"class_list":{"0":"post-1109","1":"product","2":"type-product","3":"status-publish","4":"has-post-thumbnail","6":"product_cat-limpa-vidros","8":"first","9":"instock","10":"shipping-taxable","11":"purchasable","12":"product-type-simple"},"_links":{"self":[{"href":"https:\/\/bellocapricho.com.br\/loja\/index.php\/wp-json\/wp\/v2\/product\/1109","targetHints":{"allow":["GET"]}}],"collection":[{"href":"https:\/\/bellocapricho.com.br\/loja\/index.php\/wp-json\/wp\/v2\/product"}],"about":[{"href":"https:\/\/bellocapricho.com.br\/loja\/index.php\/wp-json\/wp\/v2\/types\/product"}],"wp:featuredmedia":[{"embeddable":true,"href":"https:\/\/bellocapricho.com.br\/loja\/index.php\/wp-json\/wp\/v2\/media\/1110"}],"wp:attachment":[{"href":"https:\/\/bellocapricho.com.br\/loja\/index.php\/wp-json\/wp\/v2\/media?parent=1109"}],"wp:term":[{"taxonomy":"product_brand","embeddable":true,"href":"https:\/\/bellocapricho.com.br\/loja\/index.php\/wp-json\/wp\/v2\/product_brand?post=1109"},{"taxonomy":"product_cat","embeddable":true,"href":"https:\/\/bellocapricho.com.br\/loja\/index.php\/wp-json\/wp\/v2\/product_cat?post=1109"},{"taxonomy":"product_tag","embeddable":true,"href":"https:\/\/bellocapricho.com.br\/loja\/index.php\/wp-json\/wp\/v2\/product_tag?post=1109"}],"curies":[{"name":"wp","href":"https:\/\/api.w.org\/{rel}","templated":true}]}}