{"id":1107,"date":"2024-07-29T20:34:20","date_gmt":"2024-07-29T23:34:20","guid":{"rendered":"https:\/\/bellocapricho.com.br\/loja\/?post_type=product&#038;p=1107"},"modified":"2026-04-04T23:50:06","modified_gmt":"2026-04-05T02:50:06","slug":"limpa-pisos-guimaraes-5l","status":"publish","type":"product","link":"https:\/\/bellocapricho.com.br\/loja\/index.php\/produto\/limpa-pisos-guimaraes-5l\/","title":{"rendered":"Limpa Pisos Guimar\u00e3es 5L"},"content":{"rendered":"<p>O Limpa Pisos GUIMAR\u00c3ES Porcelanatos e Cer\u00e2micas devolve a beleza natural do piso, removendo a sujeira sem deixar res\u00edduos. Sua f\u00f3rmula exclusiva preserva as caracter\u00edsticas de brilho e beleza do seu piso por muito mais tempo. Remove a sujeira sem deixar res\u00edduos.<\/p>\n","protected":false},"excerpt":{"rendered":"<p>O Limpa Pisos GUIMAR\u00c3ES Porcelanatos e Cer\u00e2micas devolve a beleza natural do piso, removendo a sujeira sem deixar res\u00edduos. Sua f\u00f3rmula exclusiva preserva as caracter\u00edsticas de brilho e beleza do seu piso por muito mais tempo. Remove a sujeira sem deixar res\u00edduos.<\/p>\n","protected":false},"featured_media":1108,"template":"","meta":[],"product_brand":[],"product_cat":[67],"product_tag":[],"class_list":{"0":"post-1107","1":"product","2":"type-product","3":"status-publish","4":"has-post-thumbnail","6":"product_cat-limpa-pisos","8":"first","9":"instock","10":"shipping-taxable","11":"purchasable","12":"product-type-simple"},"_links":{"self":[{"href":"https:\/\/bellocapricho.com.br\/loja\/index.php\/wp-json\/wp\/v2\/product\/1107","targetHints":{"allow":["GET"]}}],"collection":[{"href":"https:\/\/bellocapricho.com.br\/loja\/index.php\/wp-json\/wp\/v2\/product"}],"about":[{"href":"https:\/\/bellocapricho.com.br\/loja\/index.php\/wp-json\/wp\/v2\/types\/product"}],"wp:featuredmedia":[{"embeddable":true,"href":"https:\/\/bellocapricho.com.br\/loja\/index.php\/wp-json\/wp\/v2\/media\/1108"}],"wp:attachment":[{"href":"https:\/\/bellocapricho.com.br\/loja\/index.php\/wp-json\/wp\/v2\/media?parent=1107"}],"wp:term":[{"taxonomy":"product_brand","embeddable":true,"href":"https:\/\/bellocapricho.com.br\/loja\/index.php\/wp-json\/wp\/v2\/product_brand?post=1107"},{"taxonomy":"product_cat","embeddable":true,"href":"https:\/\/bellocapricho.com.br\/loja\/index.php\/wp-json\/wp\/v2\/product_cat?post=1107"},{"taxonomy":"product_tag","embeddable":true,"href":"https:\/\/bellocapricho.com.br\/loja\/index.php\/wp-json\/wp\/v2\/product_tag?post=1107"}],"curies":[{"name":"wp","href":"https:\/\/api.w.org\/{rel}","templated":true}]}}