{"id":1103,"date":"2024-07-29T20:23:57","date_gmt":"2024-07-29T23:23:57","guid":{"rendered":"https:\/\/bellocapricho.com.br\/loja\/?post_type=product&#038;p=1103"},"modified":"2026-04-04T15:21:42","modified_gmt":"2026-04-04T18:21:42","slug":"filme-pvc-28cm-x-100m-bompack","status":"publish","type":"product","link":"https:\/\/bellocapricho.com.br\/loja\/index.php\/produto\/filme-pvc-28cm-x-100m-bompack\/","title":{"rendered":"Filme PVC 28cm x 100m  Bompack"},"content":{"rendered":"<p>Amplie suas possibilidades com o Filme PVC Bompack de 0,28mm x 100m! Este filme oferece uma solu\u00e7\u00e3o vers\u00e1til e de alta qualidade para uma variedade de aplica\u00e7\u00f5es. Com sua extensa bobina de 100 metros, voc\u00ea ter\u00e1 um suprimento confi\u00e1vel para in\u00fameras necessidades de embalagem e cobertura. A espessura de 0,28mm do Filme PVC Bompack garante resist\u00eancia e durabilidade, tornando-o ideal para uso dom\u00e9stico, comercial e industrial. Mantenha a praticidade e a qualidade ao alcance das m\u00e3os com essa escolha funcional. Escolha a versatilidade aliada \u00e0 qualidade para elevar a experi\u00eancia de embalagem no seu espa\u00e7o!<\/p>\n","protected":false},"excerpt":{"rendered":"<p>Amplie suas possibilidades com o Filme PVC Bompack de 0,28mm x 100m! Este filme oferece uma solu\u00e7\u00e3o vers\u00e1til e de alta qualidade para uma variedade de aplica\u00e7\u00f5es. Com sua extensa bobina de 100 metros, voc\u00ea ter\u00e1 um suprimento confi\u00e1vel para in\u00fameras necessidades de embalagem e&hellip;<\/p>\n","protected":false},"featured_media":1104,"template":"","meta":[],"product_brand":[],"product_cat":[52,44],"product_tag":[],"class_list":{"0":"post-1103","1":"product","2":"type-product","3":"status-publish","4":"has-post-thumbnail","6":"product_cat-diversos","7":"product_cat-embalagens","9":"first","10":"outofstock","11":"shipping-taxable","12":"purchasable","13":"product-type-simple"},"_links":{"self":[{"href":"https:\/\/bellocapricho.com.br\/loja\/index.php\/wp-json\/wp\/v2\/product\/1103","targetHints":{"allow":["GET"]}}],"collection":[{"href":"https:\/\/bellocapricho.com.br\/loja\/index.php\/wp-json\/wp\/v2\/product"}],"about":[{"href":"https:\/\/bellocapricho.com.br\/loja\/index.php\/wp-json\/wp\/v2\/types\/product"}],"wp:featuredmedia":[{"embeddable":true,"href":"https:\/\/bellocapricho.com.br\/loja\/index.php\/wp-json\/wp\/v2\/media\/1104"}],"wp:attachment":[{"href":"https:\/\/bellocapricho.com.br\/loja\/index.php\/wp-json\/wp\/v2\/media?parent=1103"}],"wp:term":[{"taxonomy":"product_brand","embeddable":true,"href":"https:\/\/bellocapricho.com.br\/loja\/index.php\/wp-json\/wp\/v2\/product_brand?post=1103"},{"taxonomy":"product_cat","embeddable":true,"href":"https:\/\/bellocapricho.com.br\/loja\/index.php\/wp-json\/wp\/v2\/product_cat?post=1103"},{"taxonomy":"product_tag","embeddable":true,"href":"https:\/\/bellocapricho.com.br\/loja\/index.php\/wp-json\/wp\/v2\/product_tag?post=1103"}],"curies":[{"name":"wp","href":"https:\/\/api.w.org\/{rel}","templated":true}]}}