{"id":1080,"date":"2024-07-29T19:22:45","date_gmt":"2024-07-29T22:22:45","guid":{"rendered":"https:\/\/bellocapricho.com.br\/loja\/?post_type=product&#038;p=1080"},"modified":"2026-04-04T10:55:06","modified_gmt":"2026-04-04T13:55:06","slug":"desinfetante-guimaraes-500-ml-capim-limao","status":"publish","type":"product","link":"https:\/\/bellocapricho.com.br\/loja\/index.php\/produto\/desinfetante-guimaraes-500-ml-capim-limao\/","title":{"rendered":"Desinfetante Guimar\u00e3es 500 ml &#8211; Capim Lim\u00e3o"},"content":{"rendered":"<p>O DESINFETANTE GUIMAR\u00c3ES \u00e9 um desinfetante que mata 99,9% de bact\u00e9rias\/germes. Al\u00e9m disso, possui uma agrad\u00e1vel fragr\u00e2ncia, deixando sua casa sempre limpa, protegida e perfumada. Indicado para o uso em todos os ambientes, como: pisos, azulejos, ralos, superf\u00edcies lav\u00e1veis e vasos sanit\u00e1rios. Bact\u00e9rias\/germes testados: Salmonella choleraesuis e Staphylococcus aureus<\/p>\n","protected":false},"excerpt":{"rendered":"<p>O DESINFETANTE GUIMAR\u00c3ES \u00e9 um desinfetante que mata 99,9% de bact\u00e9rias\/germes. Al\u00e9m disso, possui uma agrad\u00e1vel fragr\u00e2ncia, deixando sua casa sempre limpa, protegida e perfumada. Indicado para o uso em todos os ambientes, como: pisos, azulejos, ralos, superf\u00edcies lav\u00e1veis e vasos sanit\u00e1rios. Bact\u00e9rias\/germes testados: Salmonella&hellip;<\/p>\n","protected":false},"featured_media":1082,"template":"","meta":[],"product_brand":[],"product_cat":[72],"product_tag":[],"class_list":{"0":"post-1080","1":"product","2":"type-product","3":"status-publish","4":"has-post-thumbnail","6":"product_cat-desinfetantes","8":"first","9":"instock","10":"shipping-taxable","11":"purchasable","12":"product-type-simple"},"_links":{"self":[{"href":"https:\/\/bellocapricho.com.br\/loja\/index.php\/wp-json\/wp\/v2\/product\/1080","targetHints":{"allow":["GET"]}}],"collection":[{"href":"https:\/\/bellocapricho.com.br\/loja\/index.php\/wp-json\/wp\/v2\/product"}],"about":[{"href":"https:\/\/bellocapricho.com.br\/loja\/index.php\/wp-json\/wp\/v2\/types\/product"}],"wp:featuredmedia":[{"embeddable":true,"href":"https:\/\/bellocapricho.com.br\/loja\/index.php\/wp-json\/wp\/v2\/media\/1082"}],"wp:attachment":[{"href":"https:\/\/bellocapricho.com.br\/loja\/index.php\/wp-json\/wp\/v2\/media?parent=1080"}],"wp:term":[{"taxonomy":"product_brand","embeddable":true,"href":"https:\/\/bellocapricho.com.br\/loja\/index.php\/wp-json\/wp\/v2\/product_brand?post=1080"},{"taxonomy":"product_cat","embeddable":true,"href":"https:\/\/bellocapricho.com.br\/loja\/index.php\/wp-json\/wp\/v2\/product_cat?post=1080"},{"taxonomy":"product_tag","embeddable":true,"href":"https:\/\/bellocapricho.com.br\/loja\/index.php\/wp-json\/wp\/v2\/product_tag?post=1080"}],"curies":[{"name":"wp","href":"https:\/\/api.w.org\/{rel}","templated":true}]}}