{"id":1068,"date":"2024-07-29T16:45:25","date_gmt":"2024-07-29T19:45:25","guid":{"rendered":"https:\/\/bellocapricho.com.br\/loja\/?post_type=product&#038;p=1068"},"modified":"2026-04-04T10:30:05","modified_gmt":"2026-04-04T13:30:05","slug":"forro-papel-desc-p-air-fryer-c-25-bompack","status":"publish","type":"product","link":"https:\/\/bellocapricho.com.br\/loja\/index.php\/produto\/forro-papel-desc-p-air-fryer-c-25-bompack\/","title":{"rendered":"Forro Papel Desc. P\/ Air Fryer C\/25 Bompack"},"content":{"rendered":"<p><strong>CARACTERISTICAS<\/strong><\/p>\n<p>Forro de Papel Descart\u00e1vel da Bompack \u00e9 Antiaderente e imperme\u00e1vel, resistente ao calor e \u00e9 ideal para sua air fryer, microondas ou forno convencional. Ajuda a manter a air fryer limpa, economiza tempo e esfor\u00e7o. Pode ser usado para fritar, assar ou servir alimentos com mais praticidade, tornando sua refei\u00e7\u00e3o mais prazerosa.<\/p>\n<p>Cada embalagem cont\u00e9m 25 unidades de forro antiaderente descart\u00e1vel que possuem em m\u00e9dia, 16cm de circunfer\u00eancia e 4,5cm de altura das bordas.<\/p>\n<p><strong>COMPOSI\u00c7\u00c3O<\/strong><\/p>\n<p>Papel<\/p>\n","protected":false},"excerpt":{"rendered":"<p>CARACTERISTICAS Forro de Papel Descart\u00e1vel da Bompack \u00e9 Antiaderente e imperme\u00e1vel, resistente ao calor e \u00e9 ideal para sua air fryer, microondas ou forno convencional. Ajuda a manter a air fryer limpa, economiza tempo e esfor\u00e7o. Pode ser usado para fritar, assar ou servir alimentos&hellip;<\/p>\n","protected":false},"featured_media":1069,"template":"","meta":[],"product_brand":[],"product_cat":[52,44,70],"product_tag":[],"class_list":{"0":"post-1068","1":"product","2":"type-product","3":"status-publish","4":"has-post-thumbnail","6":"product_cat-diversos","7":"product_cat-embalagens","8":"product_cat-papeis","10":"first","11":"instock","12":"shipping-taxable","13":"purchasable","14":"product-type-simple"},"_links":{"self":[{"href":"https:\/\/bellocapricho.com.br\/loja\/index.php\/wp-json\/wp\/v2\/product\/1068","targetHints":{"allow":["GET"]}}],"collection":[{"href":"https:\/\/bellocapricho.com.br\/loja\/index.php\/wp-json\/wp\/v2\/product"}],"about":[{"href":"https:\/\/bellocapricho.com.br\/loja\/index.php\/wp-json\/wp\/v2\/types\/product"}],"wp:featuredmedia":[{"embeddable":true,"href":"https:\/\/bellocapricho.com.br\/loja\/index.php\/wp-json\/wp\/v2\/media\/1069"}],"wp:attachment":[{"href":"https:\/\/bellocapricho.com.br\/loja\/index.php\/wp-json\/wp\/v2\/media?parent=1068"}],"wp:term":[{"taxonomy":"product_brand","embeddable":true,"href":"https:\/\/bellocapricho.com.br\/loja\/index.php\/wp-json\/wp\/v2\/product_brand?post=1068"},{"taxonomy":"product_cat","embeddable":true,"href":"https:\/\/bellocapricho.com.br\/loja\/index.php\/wp-json\/wp\/v2\/product_cat?post=1068"},{"taxonomy":"product_tag","embeddable":true,"href":"https:\/\/bellocapricho.com.br\/loja\/index.php\/wp-json\/wp\/v2\/product_tag?post=1068"}],"curies":[{"name":"wp","href":"https:\/\/api.w.org\/{rel}","templated":true}]}}