{"id":1063,"date":"2024-07-26T18:44:21","date_gmt":"2024-07-26T21:44:21","guid":{"rendered":"https:\/\/bellocapricho.com.br\/loja\/?post_type=product&#038;p=1063"},"modified":"2026-04-04T10:30:06","modified_gmt":"2026-04-04T13:30:06","slug":"lava-roupas-em-po-limao-e-bicarbonato-surf-800g","status":"publish","type":"product","link":"https:\/\/bellocapricho.com.br\/loja\/index.php\/produto\/lava-roupas-em-po-limao-e-bicarbonato-surf-800g\/","title":{"rendered":"Lava Roupas em P\u00f3 Lim\u00e3o e Bicarbonato Surf &#8211; 800g"},"content":{"rendered":"<p>Lava roupas em p\u00f3 5 em 1 lim\u00e3o e bicarbonato, fragr\u00e2ncia intensa e duradoura, alveja o branco e cuida da cor.<\/p>\n","protected":false},"excerpt":{"rendered":"<p>Lava roupas em p\u00f3 5 em 1 lim\u00e3o e bicarbonato, fragr\u00e2ncia intensa e duradoura, alveja o branco e cuida da cor.<\/p>\n","protected":false},"featured_media":1064,"template":"","meta":[],"product_brand":[],"product_cat":[42],"product_tag":[],"class_list":{"0":"post-1063","1":"product","2":"type-product","3":"status-publish","4":"has-post-thumbnail","6":"product_cat-lavanderia","8":"first","9":"instock","10":"shipping-taxable","11":"purchasable","12":"product-type-simple"},"_links":{"self":[{"href":"https:\/\/bellocapricho.com.br\/loja\/index.php\/wp-json\/wp\/v2\/product\/1063","targetHints":{"allow":["GET"]}}],"collection":[{"href":"https:\/\/bellocapricho.com.br\/loja\/index.php\/wp-json\/wp\/v2\/product"}],"about":[{"href":"https:\/\/bellocapricho.com.br\/loja\/index.php\/wp-json\/wp\/v2\/types\/product"}],"wp:featuredmedia":[{"embeddable":true,"href":"https:\/\/bellocapricho.com.br\/loja\/index.php\/wp-json\/wp\/v2\/media\/1064"}],"wp:attachment":[{"href":"https:\/\/bellocapricho.com.br\/loja\/index.php\/wp-json\/wp\/v2\/media?parent=1063"}],"wp:term":[{"taxonomy":"product_brand","embeddable":true,"href":"https:\/\/bellocapricho.com.br\/loja\/index.php\/wp-json\/wp\/v2\/product_brand?post=1063"},{"taxonomy":"product_cat","embeddable":true,"href":"https:\/\/bellocapricho.com.br\/loja\/index.php\/wp-json\/wp\/v2\/product_cat?post=1063"},{"taxonomy":"product_tag","embeddable":true,"href":"https:\/\/bellocapricho.com.br\/loja\/index.php\/wp-json\/wp\/v2\/product_tag?post=1063"}],"curies":[{"name":"wp","href":"https:\/\/api.w.org\/{rel}","templated":true}]}}