{"id":1054,"date":"2024-07-26T18:25:39","date_gmt":"2024-07-26T21:25:39","guid":{"rendered":"https:\/\/bellocapricho.com.br\/loja\/?post_type=product&#038;p=1054"},"modified":"2026-04-04T10:30:07","modified_gmt":"2026-04-04T13:30:07","slug":"sabao-liquido-brilhante-limpeza-total-refil-900ml","status":"publish","type":"product","link":"https:\/\/bellocapricho.com.br\/loja\/index.php\/produto\/sabao-liquido-brilhante-limpeza-total-refil-900ml\/","title":{"rendered":"Sab\u00e3o L\u00edquido Brilhante Limpeza Total Refil &#8211; 900ml"},"content":{"rendered":"<p>Experimente agora o sab\u00e3o l\u00edquido Brilhante para roupas brancas e coloridas, e descubra um futuro mais limpo com as nossas embalagens 100% recicl\u00e1veis!<\/p>\n","protected":false},"excerpt":{"rendered":"<p>Experimente agora o sab\u00e3o l\u00edquido Brilhante para roupas brancas e coloridas, e descubra um futuro mais limpo com as nossas embalagens 100% recicl\u00e1veis!<\/p>\n","protected":false},"featured_media":1055,"template":"","meta":[],"product_brand":[],"product_cat":[42],"product_tag":[],"class_list":{"0":"post-1054","1":"product","2":"type-product","3":"status-publish","4":"has-post-thumbnail","6":"product_cat-lavanderia","8":"first","9":"instock","10":"shipping-taxable","11":"purchasable","12":"product-type-simple"},"_links":{"self":[{"href":"https:\/\/bellocapricho.com.br\/loja\/index.php\/wp-json\/wp\/v2\/product\/1054","targetHints":{"allow":["GET"]}}],"collection":[{"href":"https:\/\/bellocapricho.com.br\/loja\/index.php\/wp-json\/wp\/v2\/product"}],"about":[{"href":"https:\/\/bellocapricho.com.br\/loja\/index.php\/wp-json\/wp\/v2\/types\/product"}],"wp:featuredmedia":[{"embeddable":true,"href":"https:\/\/bellocapricho.com.br\/loja\/index.php\/wp-json\/wp\/v2\/media\/1055"}],"wp:attachment":[{"href":"https:\/\/bellocapricho.com.br\/loja\/index.php\/wp-json\/wp\/v2\/media?parent=1054"}],"wp:term":[{"taxonomy":"product_brand","embeddable":true,"href":"https:\/\/bellocapricho.com.br\/loja\/index.php\/wp-json\/wp\/v2\/product_brand?post=1054"},{"taxonomy":"product_cat","embeddable":true,"href":"https:\/\/bellocapricho.com.br\/loja\/index.php\/wp-json\/wp\/v2\/product_cat?post=1054"},{"taxonomy":"product_tag","embeddable":true,"href":"https:\/\/bellocapricho.com.br\/loja\/index.php\/wp-json\/wp\/v2\/product_tag?post=1054"}],"curies":[{"name":"wp","href":"https:\/\/api.w.org\/{rel}","templated":true}]}}