{"id":1052,"date":"2024-07-26T18:10:42","date_gmt":"2024-07-26T21:10:42","guid":{"rendered":"https:\/\/bellocapricho.com.br\/loja\/?post_type=product&#038;p=1052"},"modified":"2026-04-04T18:43:39","modified_gmt":"2026-04-04T21:43:39","slug":"sabao-em-po-brilhante-limpeza-total-16kg","status":"publish","type":"product","link":"https:\/\/bellocapricho.com.br\/loja\/index.php\/produto\/sabao-em-po-brilhante-limpeza-total-16kg\/","title":{"rendered":"Sab\u00e3o em P\u00f3 Brilhante Limpeza Total &#8211; 1,6Kg"},"content":{"rendered":"<p>Quer roupas novas por mais tempo? O sab\u00e3o em p\u00f3 Brilhante limpa sem agredir os tecidos, prevenindo os sinais de desgaste e o amarelamento das roupas brancas. Descubra a linha completa abaixo.<\/p>\n","protected":false},"excerpt":{"rendered":"<p>Quer roupas novas por mais tempo? O sab\u00e3o em p\u00f3 Brilhante limpa sem agredir os tecidos, prevenindo os sinais de desgaste e o amarelamento das roupas brancas. Descubra a linha completa abaixo.<\/p>\n","protected":false},"featured_media":1053,"template":"","meta":[],"product_brand":[],"product_cat":[42],"product_tag":[],"class_list":{"0":"post-1052","1":"product","2":"type-product","3":"status-publish","4":"has-post-thumbnail","6":"product_cat-lavanderia","8":"first","9":"outofstock","10":"shipping-taxable","11":"purchasable","12":"product-type-simple"},"_links":{"self":[{"href":"https:\/\/bellocapricho.com.br\/loja\/index.php\/wp-json\/wp\/v2\/product\/1052","targetHints":{"allow":["GET"]}}],"collection":[{"href":"https:\/\/bellocapricho.com.br\/loja\/index.php\/wp-json\/wp\/v2\/product"}],"about":[{"href":"https:\/\/bellocapricho.com.br\/loja\/index.php\/wp-json\/wp\/v2\/types\/product"}],"wp:featuredmedia":[{"embeddable":true,"href":"https:\/\/bellocapricho.com.br\/loja\/index.php\/wp-json\/wp\/v2\/media\/1053"}],"wp:attachment":[{"href":"https:\/\/bellocapricho.com.br\/loja\/index.php\/wp-json\/wp\/v2\/media?parent=1052"}],"wp:term":[{"taxonomy":"product_brand","embeddable":true,"href":"https:\/\/bellocapricho.com.br\/loja\/index.php\/wp-json\/wp\/v2\/product_brand?post=1052"},{"taxonomy":"product_cat","embeddable":true,"href":"https:\/\/bellocapricho.com.br\/loja\/index.php\/wp-json\/wp\/v2\/product_cat?post=1052"},{"taxonomy":"product_tag","embeddable":true,"href":"https:\/\/bellocapricho.com.br\/loja\/index.php\/wp-json\/wp\/v2\/product_tag?post=1052"}],"curies":[{"name":"wp","href":"https:\/\/api.w.org\/{rel}","templated":true}]}}