{"id":1044,"date":"2024-07-26T17:41:00","date_gmt":"2024-07-26T20:41:00","guid":{"rendered":"https:\/\/bellocapricho.com.br\/loja\/?post_type=product&#038;p=1044"},"modified":"2026-04-05T00:10:52","modified_gmt":"2026-04-05T03:10:52","slug":"lava-roupas-concentrado-sabao-em-po-tixan-ype-primavera-800g","status":"publish","type":"product","link":"https:\/\/bellocapricho.com.br\/loja\/index.php\/produto\/lava-roupas-concentrado-sabao-em-po-tixan-ype-primavera-800g\/","title":{"rendered":"Lava Roupas Concentrado Sab\u00e3o em P\u00f3 Tixan Yp\u00ea Primavera &#8211; 800g"},"content":{"rendered":"<p>D\u00ea adeus \u00e0s manchas dif\u00edceis! O sab\u00e3o em p\u00f3 Tixan Yp\u00ea Primavera \u00e9 a solu\u00e7\u00e3o perfeita para deixar suas roupas limpas, livres de manchas\u00b9 e com um perfume incr\u00edvel.<\/p>\n","protected":false},"excerpt":{"rendered":"<p>D\u00ea adeus \u00e0s manchas dif\u00edceis! O sab\u00e3o em p\u00f3 Tixan Yp\u00ea Primavera \u00e9 a solu\u00e7\u00e3o perfeita para deixar suas roupas limpas, livres de manchas\u00b9 e com um perfume incr\u00edvel.<\/p>\n","protected":false},"featured_media":1042,"template":"","meta":[],"product_brand":[],"product_cat":[42],"product_tag":[],"class_list":{"0":"post-1044","1":"product","2":"type-product","3":"status-publish","4":"has-post-thumbnail","6":"product_cat-lavanderia","8":"first","9":"instock","10":"shipping-taxable","11":"purchasable","12":"product-type-simple"},"_links":{"self":[{"href":"https:\/\/bellocapricho.com.br\/loja\/index.php\/wp-json\/wp\/v2\/product\/1044","targetHints":{"allow":["GET"]}}],"collection":[{"href":"https:\/\/bellocapricho.com.br\/loja\/index.php\/wp-json\/wp\/v2\/product"}],"about":[{"href":"https:\/\/bellocapricho.com.br\/loja\/index.php\/wp-json\/wp\/v2\/types\/product"}],"wp:featuredmedia":[{"embeddable":true,"href":"https:\/\/bellocapricho.com.br\/loja\/index.php\/wp-json\/wp\/v2\/media\/1042"}],"wp:attachment":[{"href":"https:\/\/bellocapricho.com.br\/loja\/index.php\/wp-json\/wp\/v2\/media?parent=1044"}],"wp:term":[{"taxonomy":"product_brand","embeddable":true,"href":"https:\/\/bellocapricho.com.br\/loja\/index.php\/wp-json\/wp\/v2\/product_brand?post=1044"},{"taxonomy":"product_cat","embeddable":true,"href":"https:\/\/bellocapricho.com.br\/loja\/index.php\/wp-json\/wp\/v2\/product_cat?post=1044"},{"taxonomy":"product_tag","embeddable":true,"href":"https:\/\/bellocapricho.com.br\/loja\/index.php\/wp-json\/wp\/v2\/product_tag?post=1044"}],"curies":[{"name":"wp","href":"https:\/\/api.w.org\/{rel}","templated":true}]}}