{"id":1039,"date":"2024-07-26T17:25:35","date_gmt":"2024-07-26T20:25:35","guid":{"rendered":"https:\/\/bellocapricho.com.br\/loja\/?post_type=product&#038;p=1039"},"modified":"2026-04-05T00:10:50","modified_gmt":"2026-04-05T03:10:50","slug":"sabao-em-pasta-multiuso-cristal-rosa-500g","status":"publish","type":"product","link":"https:\/\/bellocapricho.com.br\/loja\/index.php\/produto\/sabao-em-pasta-multiuso-cristal-rosa-500g\/","title":{"rendered":"Sab\u00e3o em Pasta Multiuso Cristal Rosa Urca &#8211; 500g"},"content":{"rendered":"<p>Sab\u00e3o em Pasta Cristal Rosa<br \/>\nA Pasta Cristal Rosa \u00e9 muito utilizada para limpeza de m\u00e3os e pe\u00e7as em postos e oficinas mec\u00e2nicas.<\/p>\n<p>Ela tamb\u00e9m \u00e9 \u00fatil na limpeza de grelhas de churrasco e outras superf\u00edcies com sujeira pesada.<\/p>\n<p>Dispon\u00edvel na embalagem de 500g.<\/p>\n","protected":false},"excerpt":{"rendered":"<p>Sab\u00e3o em Pasta Cristal Rosa A Pasta Cristal Rosa \u00e9 muito utilizada para limpeza de m\u00e3os e pe\u00e7as em postos e oficinas mec\u00e2nicas. Ela tamb\u00e9m \u00e9 \u00fatil na limpeza de grelhas de churrasco e outras superf\u00edcies com sujeira pesada. Dispon\u00edvel na embalagem de 500g.<\/p>\n","protected":false},"featured_media":1040,"template":"","meta":[],"product_brand":[],"product_cat":[54,19],"product_tag":[],"class_list":{"0":"post-1039","1":"product","2":"type-product","3":"status-publish","4":"has-post-thumbnail","6":"product_cat-limpeza-diaria","7":"product_cat-limpeza-pesada","9":"first","10":"instock","11":"shipping-taxable","12":"purchasable","13":"product-type-simple"},"_links":{"self":[{"href":"https:\/\/bellocapricho.com.br\/loja\/index.php\/wp-json\/wp\/v2\/product\/1039","targetHints":{"allow":["GET"]}}],"collection":[{"href":"https:\/\/bellocapricho.com.br\/loja\/index.php\/wp-json\/wp\/v2\/product"}],"about":[{"href":"https:\/\/bellocapricho.com.br\/loja\/index.php\/wp-json\/wp\/v2\/types\/product"}],"wp:featuredmedia":[{"embeddable":true,"href":"https:\/\/bellocapricho.com.br\/loja\/index.php\/wp-json\/wp\/v2\/media\/1040"}],"wp:attachment":[{"href":"https:\/\/bellocapricho.com.br\/loja\/index.php\/wp-json\/wp\/v2\/media?parent=1039"}],"wp:term":[{"taxonomy":"product_brand","embeddable":true,"href":"https:\/\/bellocapricho.com.br\/loja\/index.php\/wp-json\/wp\/v2\/product_brand?post=1039"},{"taxonomy":"product_cat","embeddable":true,"href":"https:\/\/bellocapricho.com.br\/loja\/index.php\/wp-json\/wp\/v2\/product_cat?post=1039"},{"taxonomy":"product_tag","embeddable":true,"href":"https:\/\/bellocapricho.com.br\/loja\/index.php\/wp-json\/wp\/v2\/product_tag?post=1039"}],"curies":[{"name":"wp","href":"https:\/\/api.w.org\/{rel}","templated":true}]}}