{"id":1037,"date":"2024-07-26T17:23:52","date_gmt":"2024-07-26T20:23:52","guid":{"rendered":"https:\/\/bellocapricho.com.br\/loja\/?post_type=product&#038;p=1037"},"modified":"2026-04-04T18:27:08","modified_gmt":"2026-04-04T21:27:08","slug":"sabao-de-coco-em-pasta-urca-500g","status":"publish","type":"product","link":"https:\/\/bellocapricho.com.br\/loja\/index.php\/produto\/sabao-de-coco-em-pasta-urca-500g\/","title":{"rendered":"Sab\u00e3o de Coco em Pasta Urca &#8211; 500g"},"content":{"rendered":"<p>Sab\u00e3o em Pasta<br \/>\nVoc\u00ea n\u00e3o vai encontrar nada mais natural e neutro para deixar panelas, talheres e vidros mais brilhantes do que o Sab\u00e3o de Coco em Pasta Urca.<\/p>\n<p>Encontrado exclusivamente na tradicional embalagem de 500g.<\/p>\n<p>&nbsp;<\/p>\n","protected":false},"excerpt":{"rendered":"<p>Sab\u00e3o em Pasta Voc\u00ea n\u00e3o vai encontrar nada mais natural e neutro para deixar panelas, talheres e vidros mais brilhantes do que o Sab\u00e3o de Coco em Pasta Urca. Encontrado exclusivamente na tradicional embalagem de 500g. &nbsp;<\/p>\n","protected":false},"featured_media":1038,"template":"","meta":[],"product_brand":[],"product_cat":[58,54],"product_tag":[],"class_list":{"0":"post-1037","1":"product","2":"type-product","3":"status-publish","4":"has-post-thumbnail","6":"product_cat-lava-loucas","7":"product_cat-limpeza-diaria","9":"first","10":"instock","11":"shipping-taxable","12":"purchasable","13":"product-type-simple"},"_links":{"self":[{"href":"https:\/\/bellocapricho.com.br\/loja\/index.php\/wp-json\/wp\/v2\/product\/1037","targetHints":{"allow":["GET"]}}],"collection":[{"href":"https:\/\/bellocapricho.com.br\/loja\/index.php\/wp-json\/wp\/v2\/product"}],"about":[{"href":"https:\/\/bellocapricho.com.br\/loja\/index.php\/wp-json\/wp\/v2\/types\/product"}],"wp:featuredmedia":[{"embeddable":true,"href":"https:\/\/bellocapricho.com.br\/loja\/index.php\/wp-json\/wp\/v2\/media\/1038"}],"wp:attachment":[{"href":"https:\/\/bellocapricho.com.br\/loja\/index.php\/wp-json\/wp\/v2\/media?parent=1037"}],"wp:term":[{"taxonomy":"product_brand","embeddable":true,"href":"https:\/\/bellocapricho.com.br\/loja\/index.php\/wp-json\/wp\/v2\/product_brand?post=1037"},{"taxonomy":"product_cat","embeddable":true,"href":"https:\/\/bellocapricho.com.br\/loja\/index.php\/wp-json\/wp\/v2\/product_cat?post=1037"},{"taxonomy":"product_tag","embeddable":true,"href":"https:\/\/bellocapricho.com.br\/loja\/index.php\/wp-json\/wp\/v2\/product_tag?post=1037"}],"curies":[{"name":"wp","href":"https:\/\/api.w.org\/{rel}","templated":true}]}}