{"id":1035,"date":"2024-07-26T17:15:50","date_gmt":"2024-07-26T20:15:50","guid":{"rendered":"https:\/\/bellocapricho.com.br\/loja\/?post_type=product&#038;p=1035"},"modified":"2026-04-05T00:10:54","modified_gmt":"2026-04-05T03:10:54","slug":"sabao-em-pasta-dipol-500g","status":"publish","type":"product","link":"https:\/\/bellocapricho.com.br\/loja\/index.php\/produto\/sabao-em-pasta-dipol-500g\/","title":{"rendered":"Sab\u00e3o em pasta Dipol &#8211; 500g"},"content":{"rendered":"<p>Quem conhece Dipol n\u00e3o abre m\u00e3o da sua qualidade e do seu poder de limpeza! Tanto para tarefas de limpeza mais simples, como as mais complicadas, o Sab\u00e3o em Pasta Dipol faz toda diferen\u00e7a para voc\u00ea que faz quest\u00e3o de um dia a dia simplificado!<\/p>\n<p><span style=\"color: inherit;font-family: inherit;letter-spacing: -0.02em\">N\u00e3o \u00e9 porque voc\u00ea gosta da sua casa sempre limpa e brilhante que voc\u00ea tem que gastar toda a sua energia com isso!<\/span><\/p>\n<div class=\"kc-elm kc-css-117167 kc_text_block\">\n<p>O Sab\u00e3o em Pasta Dipol d\u00e1 para voc\u00ea a chance de simplificar, e muito, a tarefa de deixar talheres, panelas e copos muito mais brilhantes!<\/p>\n<p>Oferecido em embalagem de 500g.<\/p>\n<\/div>\n","protected":false},"excerpt":{"rendered":"<p>Quem conhece Dipol n\u00e3o abre m\u00e3o da sua qualidade e do seu poder de limpeza! Tanto para tarefas de limpeza mais simples, como as mais complicadas, o Sab\u00e3o em Pasta Dipol faz toda diferen\u00e7a para voc\u00ea que faz quest\u00e3o de um dia a dia simplificado!&hellip;<\/p>\n","protected":false},"featured_media":1036,"template":"","meta":[],"product_brand":[],"product_cat":[58,54],"product_tag":[],"class_list":{"0":"post-1035","1":"product","2":"type-product","3":"status-publish","4":"has-post-thumbnail","6":"product_cat-lava-loucas","7":"product_cat-limpeza-diaria","9":"first","10":"instock","11":"shipping-taxable","12":"purchasable","13":"product-type-simple"},"_links":{"self":[{"href":"https:\/\/bellocapricho.com.br\/loja\/index.php\/wp-json\/wp\/v2\/product\/1035","targetHints":{"allow":["GET"]}}],"collection":[{"href":"https:\/\/bellocapricho.com.br\/loja\/index.php\/wp-json\/wp\/v2\/product"}],"about":[{"href":"https:\/\/bellocapricho.com.br\/loja\/index.php\/wp-json\/wp\/v2\/types\/product"}],"wp:featuredmedia":[{"embeddable":true,"href":"https:\/\/bellocapricho.com.br\/loja\/index.php\/wp-json\/wp\/v2\/media\/1036"}],"wp:attachment":[{"href":"https:\/\/bellocapricho.com.br\/loja\/index.php\/wp-json\/wp\/v2\/media?parent=1035"}],"wp:term":[{"taxonomy":"product_brand","embeddable":true,"href":"https:\/\/bellocapricho.com.br\/loja\/index.php\/wp-json\/wp\/v2\/product_brand?post=1035"},{"taxonomy":"product_cat","embeddable":true,"href":"https:\/\/bellocapricho.com.br\/loja\/index.php\/wp-json\/wp\/v2\/product_cat?post=1035"},{"taxonomy":"product_tag","embeddable":true,"href":"https:\/\/bellocapricho.com.br\/loja\/index.php\/wp-json\/wp\/v2\/product_tag?post=1035"}],"curies":[{"name":"wp","href":"https:\/\/api.w.org\/{rel}","templated":true}]}}