{"id":1028,"date":"2024-07-26T16:51:12","date_gmt":"2024-07-26T19:51:12","guid":{"rendered":"https:\/\/bellocapricho.com.br\/loja\/?post_type=product&#038;p=1028"},"modified":"2026-04-04T18:27:02","modified_gmt":"2026-04-04T21:27:02","slug":"sabao-em-barra-glicerinado-neutro-ype-180g","status":"publish","type":"product","link":"https:\/\/bellocapricho.com.br\/loja\/index.php\/produto\/sabao-em-barra-glicerinado-neutro-ype-180g\/","title":{"rendered":"Sab\u00e3o em Barra Glicerinado Neutro Yp\u00ea &#8211; 180g"},"content":{"rendered":"<p>Sab\u00e3o em barra glicerinado neutro original;<\/p>\n<p>Espuma multi limpeza;<\/p>\n<p>Rende mais;<\/p>\n<p>Testado dermatologicamente;<\/p>\n","protected":false},"excerpt":{"rendered":"<p>Sab\u00e3o em barra glicerinado neutro original; Espuma multi limpeza; Rende mais; Testado dermatologicamente;<\/p>\n","protected":false},"featured_media":1029,"template":"","meta":[],"product_brand":[],"product_cat":[58,42,54],"product_tag":[],"class_list":{"0":"post-1028","1":"product","2":"type-product","3":"status-publish","4":"has-post-thumbnail","6":"product_cat-lava-loucas","7":"product_cat-lavanderia","8":"product_cat-limpeza-diaria","10":"first","11":"instock","12":"shipping-taxable","13":"purchasable","14":"product-type-simple"},"_links":{"self":[{"href":"https:\/\/bellocapricho.com.br\/loja\/index.php\/wp-json\/wp\/v2\/product\/1028","targetHints":{"allow":["GET"]}}],"collection":[{"href":"https:\/\/bellocapricho.com.br\/loja\/index.php\/wp-json\/wp\/v2\/product"}],"about":[{"href":"https:\/\/bellocapricho.com.br\/loja\/index.php\/wp-json\/wp\/v2\/types\/product"}],"wp:featuredmedia":[{"embeddable":true,"href":"https:\/\/bellocapricho.com.br\/loja\/index.php\/wp-json\/wp\/v2\/media\/1029"}],"wp:attachment":[{"href":"https:\/\/bellocapricho.com.br\/loja\/index.php\/wp-json\/wp\/v2\/media?parent=1028"}],"wp:term":[{"taxonomy":"product_brand","embeddable":true,"href":"https:\/\/bellocapricho.com.br\/loja\/index.php\/wp-json\/wp\/v2\/product_brand?post=1028"},{"taxonomy":"product_cat","embeddable":true,"href":"https:\/\/bellocapricho.com.br\/loja\/index.php\/wp-json\/wp\/v2\/product_cat?post=1028"},{"taxonomy":"product_tag","embeddable":true,"href":"https:\/\/bellocapricho.com.br\/loja\/index.php\/wp-json\/wp\/v2\/product_tag?post=1028"}],"curies":[{"name":"wp","href":"https:\/\/api.w.org\/{rel}","templated":true}]}}