{"id":1019,"date":"2024-07-26T16:23:19","date_gmt":"2024-07-26T19:23:19","guid":{"rendered":"https:\/\/bellocapricho.com.br\/loja\/?post_type=product&#038;p=1019"},"modified":"2026-04-05T07:10:04","modified_gmt":"2026-04-05T10:10:04","slug":"pratos-plasticos-descartaveis-21cm-c-10un-branco-bompack","status":"publish","type":"product","link":"https:\/\/bellocapricho.com.br\/loja\/index.php\/produto\/pratos-plasticos-descartaveis-21cm-c-10un-branco-bompack\/","title":{"rendered":"Pratos Pl\u00e1sticos Descart\u00e1veis 21cm c\/10un. branco \u2013 Bompack"},"content":{"rendered":"<p>Prato descart\u00e1vel<br \/>\nCor: Branco<br \/>\nTamanho: 20,75cm de di\u00e2metro<br \/>\nMaterial: Pl\u00e1stico PS<\/p>\n","protected":false},"excerpt":{"rendered":"<p>Prato descart\u00e1vel Cor: Branco Tamanho: 20,75cm de di\u00e2metro Material: Pl\u00e1stico PS<\/p>\n","protected":false},"featured_media":1021,"template":"","meta":[],"product_brand":[],"product_cat":[52,44],"product_tag":[],"class_list":{"0":"post-1019","1":"product","2":"type-product","3":"status-publish","4":"has-post-thumbnail","6":"product_cat-diversos","7":"product_cat-embalagens","9":"first","10":"instock","11":"shipping-taxable","12":"purchasable","13":"product-type-simple"},"_links":{"self":[{"href":"https:\/\/bellocapricho.com.br\/loja\/index.php\/wp-json\/wp\/v2\/product\/1019","targetHints":{"allow":["GET"]}}],"collection":[{"href":"https:\/\/bellocapricho.com.br\/loja\/index.php\/wp-json\/wp\/v2\/product"}],"about":[{"href":"https:\/\/bellocapricho.com.br\/loja\/index.php\/wp-json\/wp\/v2\/types\/product"}],"wp:featuredmedia":[{"embeddable":true,"href":"https:\/\/bellocapricho.com.br\/loja\/index.php\/wp-json\/wp\/v2\/media\/1021"}],"wp:attachment":[{"href":"https:\/\/bellocapricho.com.br\/loja\/index.php\/wp-json\/wp\/v2\/media?parent=1019"}],"wp:term":[{"taxonomy":"product_brand","embeddable":true,"href":"https:\/\/bellocapricho.com.br\/loja\/index.php\/wp-json\/wp\/v2\/product_brand?post=1019"},{"taxonomy":"product_cat","embeddable":true,"href":"https:\/\/bellocapricho.com.br\/loja\/index.php\/wp-json\/wp\/v2\/product_cat?post=1019"},{"taxonomy":"product_tag","embeddable":true,"href":"https:\/\/bellocapricho.com.br\/loja\/index.php\/wp-json\/wp\/v2\/product_tag?post=1019"}],"curies":[{"name":"wp","href":"https:\/\/api.w.org\/{rel}","templated":true}]}}