{"id":1017,"date":"2024-07-26T16:25:01","date_gmt":"2024-07-26T19:25:01","guid":{"rendered":"https:\/\/bellocapricho.com.br\/loja\/?post_type=product&#038;p=1017"},"modified":"2026-04-04T18:43:48","modified_gmt":"2026-04-04T21:43:48","slug":"sabao-em-barra-limao-urca-1kg","status":"publish","type":"product","link":"https:\/\/bellocapricho.com.br\/loja\/index.php\/produto\/sabao-em-barra-limao-urca-1kg\/","title":{"rendered":"Sab\u00e3o em Barra Lim\u00e3o Urca &#8211; 1Kg"},"content":{"rendered":"<p>Sab\u00e3o em barra f\u00f3rmula glicerinada, roupas mais limpas, brilho especial nas lou\u00e7as e utens\u00edlios.<\/p>\n","protected":false},"excerpt":{"rendered":"<p>Sab\u00e3o em barra f\u00f3rmula glicerinada, roupas mais limpas, brilho especial nas lou\u00e7as e utens\u00edlios.<\/p>\n","protected":false},"featured_media":1020,"template":"","meta":[],"product_brand":[],"product_cat":[58,42,54],"product_tag":[],"class_list":{"0":"post-1017","1":"product","2":"type-product","3":"status-publish","4":"has-post-thumbnail","6":"product_cat-lava-loucas","7":"product_cat-lavanderia","8":"product_cat-limpeza-diaria","10":"first","11":"instock","12":"shipping-taxable","13":"purchasable","14":"product-type-simple"},"_links":{"self":[{"href":"https:\/\/bellocapricho.com.br\/loja\/index.php\/wp-json\/wp\/v2\/product\/1017","targetHints":{"allow":["GET"]}}],"collection":[{"href":"https:\/\/bellocapricho.com.br\/loja\/index.php\/wp-json\/wp\/v2\/product"}],"about":[{"href":"https:\/\/bellocapricho.com.br\/loja\/index.php\/wp-json\/wp\/v2\/types\/product"}],"wp:featuredmedia":[{"embeddable":true,"href":"https:\/\/bellocapricho.com.br\/loja\/index.php\/wp-json\/wp\/v2\/media\/1020"}],"wp:attachment":[{"href":"https:\/\/bellocapricho.com.br\/loja\/index.php\/wp-json\/wp\/v2\/media?parent=1017"}],"wp:term":[{"taxonomy":"product_brand","embeddable":true,"href":"https:\/\/bellocapricho.com.br\/loja\/index.php\/wp-json\/wp\/v2\/product_brand?post=1017"},{"taxonomy":"product_cat","embeddable":true,"href":"https:\/\/bellocapricho.com.br\/loja\/index.php\/wp-json\/wp\/v2\/product_cat?post=1017"},{"taxonomy":"product_tag","embeddable":true,"href":"https:\/\/bellocapricho.com.br\/loja\/index.php\/wp-json\/wp\/v2\/product_tag?post=1017"}],"curies":[{"name":"wp","href":"https:\/\/api.w.org\/{rel}","templated":true}]}}