{"id":1006,"date":"2024-07-26T15:38:13","date_gmt":"2024-07-26T18:38:13","guid":{"rendered":"https:\/\/bellocapricho.com.br\/loja\/?post_type=product&#038;p=1006"},"modified":"2026-04-04T08:45:13","modified_gmt":"2026-04-04T11:45:13","slug":"alvejante-plus-qboa","status":"publish","type":"product","link":"https:\/\/bellocapricho.com.br\/loja\/index.php\/produto\/alvejante-plus-qboa\/","title":{"rendered":"Alvejante Plus Qboa"},"content":{"rendered":"<p>DESINFETA E FAZ ESPUMA<br \/>\nO alvejante com cloro e detergente Qboa \u00e9 a mistura perfeita para limpar e desinfetar. Al\u00e9m do poder do cloro ativo, que elimina 99,99% dos germes, bact\u00e9rias, fungos e do novo v\u00edrus, ele ainda conta com detergente para remover as sujeiras mais dif\u00edceis. Quer mais? Sua casa ainda fica com cheirinho de limpeza do perfume suave do sab\u00e3o em p\u00f3. 3 limpezas super em um \u00fanico produto.<\/p>\n<p>CARACTER\u00cdSTICAS DOS PRODUTOS<br \/>\n3 em 1: \u00e1gua sanit\u00e1ria + detergente + perfume.<br \/>\nElimina 99,99% dos germes, das bact\u00e9rias, dos fungos e do novo v\u00edrus;<br \/>\nBico direcionador;<br \/>\nCintura anat\u00f4mica que facilita a pega do produto;<br \/>\nBolinhas antiderrapantes, mais firmeza na aplica\u00e7\u00e3o;<br \/>\n12 meses de validade.<\/p>\n","protected":false},"excerpt":{"rendered":"<p>DESINFETA E FAZ ESPUMA O alvejante com cloro e detergente Qboa \u00e9 a mistura perfeita para limpar e desinfetar. Al\u00e9m do poder do cloro ativo, que elimina 99,99% dos germes, bact\u00e9rias, fungos e do novo v\u00edrus, ele ainda conta com detergente para remover as sujeiras&hellip;<\/p>\n","protected":false},"featured_media":1010,"template":"","meta":[],"product_brand":[],"product_cat":[54,19],"product_tag":[],"class_list":{"0":"post-1006","1":"product","2":"type-product","3":"status-publish","4":"has-post-thumbnail","6":"product_cat-limpeza-diaria","7":"product_cat-limpeza-pesada","9":"first","10":"instock","11":"shipping-taxable","12":"purchasable","13":"product-type-variable"},"_links":{"self":[{"href":"https:\/\/bellocapricho.com.br\/loja\/index.php\/wp-json\/wp\/v2\/product\/1006","targetHints":{"allow":["GET"]}}],"collection":[{"href":"https:\/\/bellocapricho.com.br\/loja\/index.php\/wp-json\/wp\/v2\/product"}],"about":[{"href":"https:\/\/bellocapricho.com.br\/loja\/index.php\/wp-json\/wp\/v2\/types\/product"}],"wp:featuredmedia":[{"embeddable":true,"href":"https:\/\/bellocapricho.com.br\/loja\/index.php\/wp-json\/wp\/v2\/media\/1010"}],"wp:attachment":[{"href":"https:\/\/bellocapricho.com.br\/loja\/index.php\/wp-json\/wp\/v2\/media?parent=1006"}],"wp:term":[{"taxonomy":"product_brand","embeddable":true,"href":"https:\/\/bellocapricho.com.br\/loja\/index.php\/wp-json\/wp\/v2\/product_brand?post=1006"},{"taxonomy":"product_cat","embeddable":true,"href":"https:\/\/bellocapricho.com.br\/loja\/index.php\/wp-json\/wp\/v2\/product_cat?post=1006"},{"taxonomy":"product_tag","embeddable":true,"href":"https:\/\/bellocapricho.com.br\/loja\/index.php\/wp-json\/wp\/v2\/product_tag?post=1006"}],"curies":[{"name":"wp","href":"https:\/\/api.w.org\/{rel}","templated":true}]}}