{"id":1003,"date":"2024-07-26T15:25:52","date_gmt":"2024-07-26T18:25:52","guid":{"rendered":"https:\/\/bellocapricho.com.br\/loja\/?post_type=product&#038;p=1003"},"modified":"2026-04-04T14:35:06","modified_gmt":"2026-04-04T17:35:06","slug":"alvejante-perfumado-lavanda-qboa-1l","status":"publish","type":"product","link":"https:\/\/bellocapricho.com.br\/loja\/index.php\/produto\/alvejante-perfumado-lavanda-qboa-1l\/","title":{"rendered":"Alvejante Perfumado Lavanda Qboa &#8211; 1L"},"content":{"rendered":"<p>PROTE\u00c7\u00c3O SUPER COM CHEIRINHO DE LIMPEZA<br \/>\nO alvejante perfumado com cloro Qboa tem o poder do cloro ativo, eficaz na elimina\u00e7\u00e3o de 99,99% dos germes, das bact\u00e9rias, dos fungos e do novo v\u00edrus, e perfume nas fragr\u00e2ncias Lavanda ou Floral. Perfeito para quem n\u00e3o abre m\u00e3o da desinfec\u00e7\u00e3o da \u00e1gua sanit\u00e1ria Qboa, e claro, um cheirinho de limpeza agrad\u00e1vel no fim da faxina.<\/p>\n<p>CARACTER\u00cdSTICAS DOS PRODUTOS<br \/>\nPerfume suave nas fragr\u00e2ncias Floral e Lavanda.<br \/>\nElimina 99,99% dos germes, das bact\u00e9rias, dos fungos e do novo v\u00edrus;<br \/>\nCombate o crescimento da larva do mosquito Aedes Egipty, transmissor das doen\u00e7as: Dengue, Zika v\u00edrus, chikungunya e febre amarela.<br \/>\nBico direcionador;<br \/>\nCintura anat\u00f4mica que auxilia na pega do produto;<br \/>\nBolinhas antiderrapantes, mais firmeza durante o uso;<br \/>\n12 meses de validade.<\/p>\n","protected":false},"excerpt":{"rendered":"<p>PROTE\u00c7\u00c3O SUPER COM CHEIRINHO DE LIMPEZA O alvejante perfumado com cloro Qboa tem o poder do cloro ativo, eficaz na elimina\u00e7\u00e3o de 99,99% dos germes, das bact\u00e9rias, dos fungos e do novo v\u00edrus, e perfume nas fragr\u00e2ncias Lavanda ou Floral. Perfeito para quem n\u00e3o abre&hellip;<\/p>\n","protected":false},"featured_media":1004,"template":"","meta":[],"product_brand":[],"product_cat":[54,19],"product_tag":[],"class_list":{"0":"post-1003","1":"product","2":"type-product","3":"status-publish","4":"has-post-thumbnail","6":"product_cat-limpeza-diaria","7":"product_cat-limpeza-pesada","9":"first","10":"instock","11":"shipping-taxable","12":"purchasable","13":"product-type-simple"},"_links":{"self":[{"href":"https:\/\/bellocapricho.com.br\/loja\/index.php\/wp-json\/wp\/v2\/product\/1003","targetHints":{"allow":["GET"]}}],"collection":[{"href":"https:\/\/bellocapricho.com.br\/loja\/index.php\/wp-json\/wp\/v2\/product"}],"about":[{"href":"https:\/\/bellocapricho.com.br\/loja\/index.php\/wp-json\/wp\/v2\/types\/product"}],"wp:featuredmedia":[{"embeddable":true,"href":"https:\/\/bellocapricho.com.br\/loja\/index.php\/wp-json\/wp\/v2\/media\/1004"}],"wp:attachment":[{"href":"https:\/\/bellocapricho.com.br\/loja\/index.php\/wp-json\/wp\/v2\/media?parent=1003"}],"wp:term":[{"taxonomy":"product_brand","embeddable":true,"href":"https:\/\/bellocapricho.com.br\/loja\/index.php\/wp-json\/wp\/v2\/product_brand?post=1003"},{"taxonomy":"product_cat","embeddable":true,"href":"https:\/\/bellocapricho.com.br\/loja\/index.php\/wp-json\/wp\/v2\/product_cat?post=1003"},{"taxonomy":"product_tag","embeddable":true,"href":"https:\/\/bellocapricho.com.br\/loja\/index.php\/wp-json\/wp\/v2\/product_tag?post=1003"}],"curies":[{"name":"wp","href":"https:\/\/api.w.org\/{rel}","templated":true}]}}